{"id":1017,"date":"2019-10-10T14:27:57","date_gmt":"2019-10-10T12:27:57","guid":{"rendered":"http:\/\/inscriptionsecoles.forest.brussels\/?page_id=1017"},"modified":"2025-11-04T09:56:20","modified_gmt":"2025-11-04T07:56:20","slug":"et-apres","status":"publish","type":"page","link":"https:\/\/inscriptionsecoles.forest.brussels\/?page_id=1017","title":{"rendered":"Et apr\u00e8s ?"},"content":{"rendered":"\n<p><strong>Comment \u00e7a marche ?<\/strong><\/p>\n\n\n\n<p><strong>Premier arriv\u00e9, premier servi :<\/strong> Les inscriptions ouvrent leurs portes le <strong>6 janvier 2025 \u00e0 9h00<\/strong> sur la plateforme IRISbox.<\/p>\n\n\n\n<p><strong>Pr\u00e9-inscription et attribution des places :<\/strong> Les enfants seront pr\u00e9-inscrits par ordre d&rsquo;arriv\u00e9e, <strong>\u00e9cole par \u00e9cole<\/strong>, dans la limite des places disponibles.<\/p>\n\n\n\n<p><strong>Liste d&rsquo;attente :<\/strong> Si votre enfant ne peut \u00eatre imm\u00e9diatement inscrit dans l&rsquo;\u00e9cole de son premier choix, il sera plac\u00e9 sur la liste d&rsquo;attente. Nous passons ensuite au choix suivant et appliquons la m\u00eame m\u00e9thodologie. Si aucun de vos choix n&rsquo;a de place, vous restez sur liste d&rsquo;attente jusqu&rsquo;\u00e0 ce qu&rsquo;une <strong>place se lib\u00e8re<\/strong>.<\/p>\n\n\n\n<p>Lorsque nous arrivons \u00e0 une \u00e9cole choisie qui dispose d\u2019une place disponible, nous pr\u00e9-inscrivons votre enfant. Il reste sur la liste d\u2019attente dans ses choix sup\u00e9rieurs et <strong>lib\u00e8re automatiquement les listes<\/strong> dans ses choix inf\u00e9rieurs.<\/p>\n\n\n\n<p>Le principe \u00e9tant toujours d\u2019attribuer les places au mieux en fonction de vos choix et de rester sur les listes d\u2019attente des choix sup\u00e9rieurs tout en <strong>lib\u00e9rant les choix inf\u00e9rieurs<\/strong>.<\/p>\n\n\n\n<p><strong>Un exemple pour mieux comprendre :<\/strong> M. Van Piperzeel souhaite inscrire son enfant. Apr\u00e8s avoir visit\u00e9 plusieurs \u00e9coles, il d\u00e9cide de faire une demande d\u2019inscription dans 4 d\u2019entre elles. Voici son ordre :<\/p>\n\n\n\n<ul class=\"wp-block-list\">\n<li>Choix 1 \u2013 Ecole C<\/li>\n\n\n\n<li>Choix 2 \u2013 Ecole A<\/li>\n\n\n\n<li>Choix 3 \u2013 Ecole D<\/li>\n\n\n\n<li>Choix 4 \u2013 Ecole B<\/li>\n<\/ul>\n\n\n\n<p>Voici comment sa demande sera trait\u00e9e&nbsp;:<\/p>\n\n\n\n<ul class=\"wp-block-list\">\n<li>Choix 1 \u2013 Ecole C \u2013 5<sup>\u00e8me<\/sup> sur liste d\u2019attente <\/li>\n\n\n\n<li>Choix 2 \u2013 Ecole A \u2013 Place disponible<\/li>\n\n\n\n<li>Choix 3 \u2013 Ecole D \u2013 Possibilit\u00e9 sup\u00e9rieure (cela veut dire qu&rsquo;il dispose d&rsquo;une possibilit\u00e9 dans un choix sup\u00e9rieur et que cette place est lib\u00e9r\u00e9e)<\/li>\n\n\n\n<li>Choix 4 \u2013 Ecole B \u2013 Possibilit\u00e9 sup\u00e9rieure (cela veut dire qu&rsquo;il dispose d&rsquo;une possibilit\u00e9 dans un choix sup\u00e9rieur et que cette place est lib\u00e9r\u00e9e)<\/li>\n<\/ul>\n\n\n\n<p>Automatiquement, nous allons garder son choix pr\u00e9f\u00e9rentiel et donc proposer d&rsquo;inscrire l\u2019enfant de M. Van Piperzeel dans le <strong>choix 2 &#8211; l\u2019\u00e9cole A<\/strong>. Nous lib\u00e9rerons les demandes pour ses choix 3 et 4 mais conservons l\u2019enfant sur liste d\u2019attente dans son premier choix. Ce qui donne&nbsp;:<\/p>\n\n\n\n<ul class=\"wp-block-list\">\n<li>Choix 1 \u2013 Ecole C \u2013 5<sup>\u00e8me<\/sup> sur liste d\u2019attente&nbsp; &#8211; <strong>Sur liste d\u2019attente<\/strong><\/li>\n\n\n\n<li>Choix 2 \u2013 Ecole A \u2013 Place disponible &#8211; <strong>Possibilit\u00e9 d&rsquo;inscription<\/strong><\/li>\n\n\n\n<li>Choix 3 \u2013 Ecole D \u2013 1<sup>er<\/sup> sur liste d\u2019attente \u2013 <strong>Possibilit\u00e9 sup\u00e9rieure<\/strong><\/li>\n\n\n\n<li>Choix 4 \u2013 Ecole B \u2013 Possibilit\u00e9 sup\u00e9rieure \u2013 <strong>Possibilit\u00e9 sup\u00e9rieure<\/strong><\/li>\n<\/ul>\n\n\n\n<p>Ainsi, nous pouvons bien plus rapidement faire \u00e9voluer les listes\nd\u2019attente tout en conservant les choix prioritaires des parents. Si une place\nvenait \u00e0 se lib\u00e9rer dans son premier choix, M. Van Piperzeel pourrait alors y\ninscrire son enfant et lib\u00e9rer sa place dans son deuxi\u00e8me choix. <\/p>\n\n\n\n<p>Dernier exemple afin d\u2019\u00eatre parfaitement complet, M. Van\nPiperzeel a \u00e9t\u00e9 particuli\u00e8rement rapide et a donc une place dans tous ses\nchoix. Comme vous l\u2019aurez maintenant devin\u00e9, M. Van Piperzeel gardera sa\npriorit\u00e9 num\u00e9ro 1 et lib\u00e9rera les autres places. Voici comment&nbsp;:<\/p>\n\n\n\n<ul class=\"wp-block-list\">\n<li>Choix 1 \u2013 Ecole C \u2013 Place disponible &#8211; <strong>Possibilit\u00e9 d&rsquo;inscription<\/strong><\/li>\n\n\n\n<li>Choix 2 \u2013 Ecole A \u2013 Place disponible \u2013 <strong>Possibilit\u00e9 sup\u00e9rieure<\/strong><\/li>\n\n\n\n<li>Choix 3 \u2013 Ecole D \u2013 Place disponible \u2013 <strong>Possibilit\u00e9 sup\u00e9rieure<\/strong><\/li>\n\n\n\n<li>Choix 4 \u2013 Ecole B \u2013 Place disponible \u2013 <strong>Possibilit\u00e9 sup\u00e9rieure<\/strong><\/li>\n<\/ul>\n\n\n\n<p><strong>En r\u00e9sum\u00e9 :<\/strong> Vous choisissez vos \u00e9coles par ordre de pr\u00e9f\u00e9rence. Les pr\u00e9-inscriptions se font <strong>automatiquement<\/strong> en fonction des places disponibles. Si une place se lib\u00e8re dans l&rsquo;une de vos \u00e9coles pr\u00e9f\u00e9r\u00e9es, votre enfant sera <strong>automatiquement d\u00e9plac\u00e9<\/strong>. <\/p>\n\n\n\n<p>L&rsquo;objectif est simple : vous permettre d&rsquo;inscrire votre enfant dans l&rsquo;\u00e9cole qui vous convient le mieux, tout en optimisant la gestion des places disponibles. <\/p>\n\n\n\n<p>Les listes sont remises \u00e0 z\u00e9ro <strong>chaque mois de septembre<\/strong> avant le d\u00e9but de la p\u00e9riode suivante.<\/p>\n","protected":false},"excerpt":{"rendered":"<p>Comment \u00e7a marche ? Premier arriv\u00e9, premier servi : Les inscriptions ouvrent leurs portes le 6 janvier 2025 \u00e0 9h00 [&hellip;]<\/p>\n","protected":false},"author":2,"featured_media":0,"parent":36,"menu_order":0,"comment_status":"closed","ping_status":"closed","template":"","meta":{"_uag_custom_page_level_css":"","site-sidebar-layout":"default","site-content-layout":"","ast-site-content-layout":"default","site-content-style":"default","site-sidebar-style":"default","ast-global-header-display":"","ast-banner-title-visibility":"","ast-main-header-display":"","ast-hfb-above-header-display":"","ast-hfb-below-header-display":"","ast-hfb-mobile-header-display":"","site-post-title":"","ast-breadcrumbs-content":"","ast-featured-img":"","footer-sml-layout":"","theme-transparent-header-meta":"","adv-header-id-meta":"","stick-header-meta":"","header-above-stick-meta":"","header-main-stick-meta":"","header-below-stick-meta":"","astra-migrate-meta-layouts":"default","ast-page-background-enabled":"default","ast-page-background-meta":{"desktop":{"background-color":"var(--ast-global-color-5)","background-image":"","background-repeat":"repeat","background-position":"center center","background-size":"auto","background-attachment":"scroll","background-type":"","background-media":"","overlay-type":"","overlay-color":"","overlay-opacity":"","overlay-gradient":""},"tablet":{"background-color":"","background-image":"","background-repeat":"repeat","background-position":"center center","background-size":"auto","background-attachment":"scroll","background-type":"","background-media":"","overlay-type":"","overlay-color":"","overlay-opacity":"","overlay-gradient":""},"mobile":{"background-color":"","background-image":"","background-repeat":"repeat","background-position":"center center","background-size":"auto","background-attachment":"scroll","background-type":"","background-media":"","overlay-type":"","overlay-color":"","overlay-opacity":"","overlay-gradient":""}},"ast-content-background-meta":{"desktop":{"background-color":"var(--ast-global-color-4)","background-image":"","background-repeat":"repeat","background-position":"center center","background-size":"auto","background-attachment":"scroll","background-type":"","background-media":"","overlay-type":"","overlay-color":"","overlay-opacity":"","overlay-gradient":""},"tablet":{"background-color":"var(--ast-global-color-4)","background-image":"","background-repeat":"repeat","background-position":"center center","background-size":"auto","background-attachment":"scroll","background-type":"","background-media":"","overlay-type":"","overlay-color":"","overlay-opacity":"","overlay-gradient":""},"mobile":{"background-color":"var(--ast-global-color-4)","background-image":"","background-repeat":"repeat","background-position":"center center","background-size":"auto","background-attachment":"scroll","background-type":"","background-media":"","overlay-type":"","overlay-color":"","overlay-opacity":"","overlay-gradient":""}},"footnotes":""},"class_list":["post-1017","page","type-page","status-publish","hentry"],"uagb_featured_image_src":{"full":false,"thumbnail":false,"medium":false,"medium_large":false,"large":false,"thumblist":false,"meccarouselthumb":false,"gridsquare":false,"tileview":false,"1536x1536":false,"2048x2048":false},"uagb_author_info":{"display_name":"I P","author_link":"https:\/\/inscriptionsecoles.forest.brussels\/?author=2"},"uagb_comment_info":0,"uagb_excerpt":"Comment \u00e7a marche ? Premier arriv\u00e9, premier servi : Les inscriptions ouvrent leurs portes le 6 janvier 2025 \u00e0 9h00 [&hellip;]","_links":{"self":[{"href":"https:\/\/inscriptionsecoles.forest.brussels\/index.php?rest_route=\/wp\/v2\/pages\/1017","targetHints":{"allow":["GET"]}}],"collection":[{"href":"https:\/\/inscriptionsecoles.forest.brussels\/index.php?rest_route=\/wp\/v2\/pages"}],"about":[{"href":"https:\/\/inscriptionsecoles.forest.brussels\/index.php?rest_route=\/wp\/v2\/types\/page"}],"author":[{"embeddable":true,"href":"https:\/\/inscriptionsecoles.forest.brussels\/index.php?rest_route=\/wp\/v2\/users\/2"}],"replies":[{"embeddable":true,"href":"https:\/\/inscriptionsecoles.forest.brussels\/index.php?rest_route=%2Fwp%2Fv2%2Fcomments&post=1017"}],"version-history":[{"count":13,"href":"https:\/\/inscriptionsecoles.forest.brussels\/index.php?rest_route=\/wp\/v2\/pages\/1017\/revisions"}],"predecessor-version":[{"id":1625,"href":"https:\/\/inscriptionsecoles.forest.brussels\/index.php?rest_route=\/wp\/v2\/pages\/1017\/revisions\/1625"}],"up":[{"embeddable":true,"href":"https:\/\/inscriptionsecoles.forest.brussels\/index.php?rest_route=\/wp\/v2\/pages\/36"}],"wp:attachment":[{"href":"https:\/\/inscriptionsecoles.forest.brussels\/index.php?rest_route=%2Fwp%2Fv2%2Fmedia&parent=1017"}],"curies":[{"name":"wp","href":"https:\/\/api.w.org\/{rel}","templated":true}]}}