{"id":111,"date":"2017-06-16T10:15:45","date_gmt":"2017-06-16T08:15:45","guid":{"rendered":"http:\/\/srv-helpdesk\/wordpress\/?page_id=111"},"modified":"2023-02-13T11:16:33","modified_gmt":"2023-02-13T09:16:33","slug":"ecole-arc-en-ciel","status":"publish","type":"page","link":"https:\/\/inscriptionsecoles.forest.brussels\/?page_id=111","title":{"rendered":"Arc-en-Ciel"},"content":{"rendered":"\n<div class=\"wp-block-image\"><figure class=\"aligncenter size-large is-resized\"><img loading=\"lazy\" decoding=\"async\" src=\"http:\/\/inscriptionsecoles.forest.brussels\/wp-content\/uploads\/AEC2019-1024x322.jpg\" alt=\"\" class=\"wp-image-1109\" width=\"1024\" height=\"322\" srcset=\"https:\/\/inscriptionsecoles.forest.brussels\/wp-content\/uploads\/AEC2019-1024x322.jpg 1024w, https:\/\/inscriptionsecoles.forest.brussels\/wp-content\/uploads\/AEC2019-300x94.jpg 300w, https:\/\/inscriptionsecoles.forest.brussels\/wp-content\/uploads\/AEC2019-768x241.jpg 768w, https:\/\/inscriptionsecoles.forest.brussels\/wp-content\/uploads\/AEC2019.jpg 1500w\" sizes=\"auto, (max-width: 1024px) 100vw, 1024px\" \/><\/figure><\/div>\n\n\n<p>\u00a0<\/p>\n<table width=\"631\">\n<tbody>\n<tr>\n<td width=\"265\"><strong>ECOLE \u00ab\u00a0Arc-en-ciel\u00a0\u00bb<\/strong>\n<p>\u00a0<\/p>\n<p>Avenue du Globe, 40<\/p>\n<p><strong>T\u00e9l: <\/strong>02 347 06 99<\/p>\n<p><strong>\u00a0Email: <\/strong>arcenciel@forest.brussels<\/p>\n<p><a href=\"http:\/\/www.forest.irisnet.be\/fr\/services-communaux\/education-et-enfance\/ecoles-maternelles-et-primaires\/ecoles-communales\/fichiers\/ecole-aec-projet-detablissement-2019.pdf\" target=\"_blank\" rel=\"noopener noreferrer\">Projet d&rsquo;\u00e9tablissement<\/a><\/p>\n<p><strong>Direction<\/strong> : Audrey Guilleaume<\/p>\n<\/td>\n<td width=\"367\">+\/- 300 \u00e9l\u00e8ves\n<p>\u00a0<\/p>\n<p>Ecole \u00e0 p\u00e9dagogie\u00a0 alternative, classes verticales et titulariat assoupli.<\/p>\n<p>Le n\u00e9erlandais est donn\u00e9 par un enseignant sp\u00e9cifique \u00e0 partir de la 3\u00e8me ann\u00e9e.<\/p>\n<\/td>\n<\/tr>\n<\/tbody>\n<\/table>\n\n\n<p class=\"has-drop-cap\">L\u2019\u00c9cole Arc-en-ciel est&nbsp; n\u00e9e dans le bas de Forest, dans une petite rue sans issue (\u00ab&nbsp;avenue&nbsp;\u00bb des Huileries), proche du Bempt. En 1966, implantation de l\u2019\u00c9cole communale n\u00b02 pour filles sise rue du Dries, elle devient la section maternelle des \u00c9coles n\u00b01 et 2 au moment de leur fusion (mixit\u00e9).<\/p>\n\n\n\n<p>Suite \u00e0 l\u2019\u00e9volution d\u00e9mographique du quartier, la section primaire va fermer pour laisser la place \u00e0 un \u00e9tablissement d\u2019enseignement individualis\u00e9 (La Cord\u00e9e). En 1991, Il reste alors 19 \u00e9l\u00e8ves dans la section maternelle \u00ab&nbsp;Arc-en-ciel&nbsp;\u00bb qui va fusionner avec les sections maternelles des Sept Bonniers et de la Plaine. Les trois implantations, sous la direction de B\u00e9atrice Masoin, vont bient\u00f4t compter 13 classes maternelles.<\/p>\n\n\n\n<p>Apr\u00e8s la construction de la nouvelle aile \u00e0 la Plaine, la section primaire va se d\u00e9velopper et \u00ab&nbsp;l\u2019\u00c9cole fondamentale Arc-en-ciel&nbsp;\u00bb prendra son envol dans une nouvelle organisation centr\u00e9e sur une seule implantation (la Plaine). Le Projet d\u2019\u00e9tablissement bas\u00e9 sur les conceptions p\u00e9dagogiques du Plan IENA (Peter Petersen) et de C\u00e9lestin Freinet, se mettra en place d\u00e8s le d\u00e9but,&nbsp; de 2 ans 1\/2 \u00e0 5 ans d\u2019abord, de 2ans 1\/2 \u00e0 12 ans au fur et \u00e0 mesure que la section primaire va se compl\u00e9ter. Depuis, l\u2019\u00e9cole n\u2019a cess\u00e9 de se d\u00e9velopper, exigeant m\u00eame l\u2019ajout de deux \u00e9l\u00e9ments pr\u00e9fabriqu\u00e9s.<\/p>\n\n\n\n<p>Aujourd\u2019hui, l\u2019\u00e9cole Arc-en-ciel se situe \u00e0 c\u00f4t\u00e9 de Forest National. Elle accueille les \u00e9l\u00e8ves dans un cadre dynamique, verdoyant, spacieux et agr\u00e9able.<\/p>\n\n\n\n<p>Elle est constitu\u00e9e de deux b\u00e2timents&nbsp;et deux pr\u00e9fabriqu\u00e9s&nbsp;:<\/p>\n\n\n\n<p>L\u2019ancien b\u00e2timent, accueille actuellement les bureaux administratifs et 3 classes de maternelles au rez-de-chauss\u00e9e, et \u00e0 l\u2019\u00e9tage, 2 classes de maternelles ainsi que la classe de math\u00e9matiques des 5<sup>e<\/sup>\/6<sup>e<\/sup>&nbsp;et la salle du personnel.<\/p>\n\n\n\n<p>Le nouveau b\u00e2timent, construit en deux phases en 2002 et en &nbsp;2004, se compose au rez-de-chauss\u00e9e de la rotonde (garderie des maternelles et biblioth\u00e8ques de l\u2019\u00e9cole) du r\u00e9fectoire, de la cuisine, et de la salle de psychomotricit\u00e9 et \u00e0 l\u2019\u00e9tage se situent les classes &nbsp;primaires des cycles 5-8 et 8-10.<\/p>\n\n\n\n<p>Les &nbsp;pr\u00e9fabriqu\u00e9s se trouvent dans la cour et accueillent les classes de fran\u00e7ais et de n\u00e9erlandais des 5<sup>e<\/sup>\/6<sup>e<\/sup>.<\/p>\n\n\n\n<p>L\u2019\u00e9cole Arc-en-ciel peut accueillir jusqu\u2019\u00e0 350 \u00e9l\u00e8ves, chaque classe contenant en moyenne 24 \u00e9l\u00e8ves.<\/p>\n\n\n\n<p>L\u2019enseignement est structur\u00e9 en cycles qui constituent un continuum p\u00e9dagogique au sein duquel chaque \u00e9l\u00e8ve peut progresser. La verticalit\u00e9 est pr\u00e9sente dans toutes les classes :<\/p>\n\n\n\n<ul class=\"wp-block-list\"><li>\u00e0 travers la section maternelle :<\/li><li>le cycle 2 \u00bd-5 ans&nbsp; est compos\u00e9 de 5 classes.<\/li><li>\u00e0 travers la section primaire :<\/li><li>le cycle de 5 \u00e0 8 ans comprend 4 groupes de bases et 5 groupes d\u2019ateliers. En apprentissages on retrouve 3 classes de 1\u00e8res et 2\u00e8mes ann\u00e9es m\u00e9lang\u00e9es.<\/li><li>le cycle de 8 \u00e0 10 ans compte 3 classes.<\/li><li>le cycle 10 \u00e0 12 ans compte 2 classes.<\/li><\/ul>\n\n\n\n<p>L\u2019\u00e9cole a l\u2019opportunit\u00e9 d\u2019avoir un espace vert comme cour de r\u00e9cr\u00e9ation.&nbsp;Diff\u00e9rents espaces y sont am\u00e9nag\u00e9s : un espace pique-nique pour prendre la collation saine, deux espaces \u00ab&nbsp;potager&nbsp;\u00bb o\u00f9 les \u00e9l\u00e8ves apprennent \u00e0 semer, cultiver, go\u00fbter. S\u2019ajoutent \u00e0 cela, un compost, des r\u00e9cup\u00e9rateurs d\u2019eau de pluie et un bac contenant des plantes aromatiques.&nbsp;De plus, diff\u00e9rents jeux de type mobiles, toboggan, cabanes, \u2026 et un terrain de football permettent aux \u00e9l\u00e8ves de se divertir et de s\u2019\u00e9vader comme il se doit durant les moments de pause.<\/p>\n\n\n\n<figure class=\"wp-block-embed-youtube wp-block-embed is-type-video is-provider-youtube wp-embed-aspect-16-9 wp-has-aspect-ratio\"><div class=\"wp-block-embed__wrapper\">\n<div class=\"ast-oembed-container \" style=\"height: 100%;\"><iframe loading=\"lazy\" title=\"Ecole Arc en ciel\" width=\"500\" height=\"281\" src=\"https:\/\/www.youtube.com\/embed\/grEratB-gaQ?feature=oembed\" frameborder=\"0\" allow=\"accelerometer; autoplay; clipboard-write; encrypted-media; gyroscope; picture-in-picture; web-share\" referrerpolicy=\"strict-origin-when-cross-origin\" allowfullscreen><\/iframe><\/div>\n<\/div><\/figure>\n","protected":false},"excerpt":{"rendered":"<p>\u00a0 ECOLE \u00ab\u00a0Arc-en-ciel\u00a0\u00bb \u00a0 Avenue du Globe, 40 T\u00e9l: 02 347 06 99 \u00a0Email: arcenciel@forest.brussels Projet d&rsquo;\u00e9tablissement Direction : Audrey [&hellip;]<\/p>\n","protected":false},"author":2,"featured_media":0,"parent":13,"menu_order":5,"comment_status":"closed","ping_status":"closed","template":"","meta":{"_uag_custom_page_level_css":"","site-sidebar-layout":"default","site-content-layout":"","ast-site-content-layout":"default","site-content-style":"default","site-sidebar-style":"default","ast-global-header-display":"","ast-banner-title-visibility":"","ast-main-header-display":"","ast-hfb-above-header-display":"","ast-hfb-below-header-display":"","ast-hfb-mobile-header-display":"","site-post-title":"","ast-breadcrumbs-content":"","ast-featured-img":"","footer-sml-layout":"","theme-transparent-header-meta":"","adv-header-id-meta":"","stick-header-meta":"","header-above-stick-meta":"","header-main-stick-meta":"","header-below-stick-meta":"","astra-migrate-meta-layouts":"default","ast-page-background-enabled":"default","ast-page-background-meta":{"desktop":{"background-color":"var(--ast-global-color-5)","background-image":"","background-repeat":"repeat","background-position":"center center","background-size":"auto","background-attachment":"scroll","background-type":"","background-media":"","overlay-type":"","overlay-color":"","overlay-opacity":"","overlay-gradient":""},"tablet":{"background-color":"","background-image":"","background-repeat":"repeat","background-position":"center center","background-size":"auto","background-attachment":"scroll","background-type":"","background-media":"","overlay-type":"","overlay-color":"","overlay-opacity":"","overlay-gradient":""},"mobile":{"background-color":"","background-image":"","background-repeat":"repeat","background-position":"center center","background-size":"auto","background-attachment":"scroll","background-type":"","background-media":"","overlay-type":"","overlay-color":"","overlay-opacity":"","overlay-gradient":""}},"ast-content-background-meta":{"desktop":{"background-color":"var(--ast-global-color-4)","background-image":"","background-repeat":"repeat","background-position":"center center","background-size":"auto","background-attachment":"scroll","background-type":"","background-media":"","overlay-type":"","overlay-color":"","overlay-opacity":"","overlay-gradient":""},"tablet":{"background-color":"var(--ast-global-color-4)","background-image":"","background-repeat":"repeat","background-position":"center center","background-size":"auto","background-attachment":"scroll","background-type":"","background-media":"","overlay-type":"","overlay-color":"","overlay-opacity":"","overlay-gradient":""},"mobile":{"background-color":"var(--ast-global-color-4)","background-image":"","background-repeat":"repeat","background-position":"center center","background-size":"auto","background-attachment":"scroll","background-type":"","background-media":"","overlay-type":"","overlay-color":"","overlay-opacity":"","overlay-gradient":""}},"footnotes":""},"class_list":["post-111","page","type-page","status-publish","hentry"],"uagb_featured_image_src":{"full":false,"thumbnail":false,"medium":false,"medium_large":false,"large":false,"thumblist":false,"meccarouselthumb":false,"gridsquare":false,"tileview":false,"1536x1536":false,"2048x2048":false},"uagb_author_info":{"display_name":"I P","author_link":"https:\/\/inscriptionsecoles.forest.brussels\/?author=2"},"uagb_comment_info":0,"uagb_excerpt":"\u00a0 ECOLE \u00ab\u00a0Arc-en-ciel\u00a0\u00bb \u00a0 Avenue du Globe, 40 T\u00e9l: 02 347 06 99 \u00a0Email: arcenciel@forest.brussels Projet d&rsquo;\u00e9tablissement Direction : Audrey [&hellip;]","_links":{"self":[{"href":"https:\/\/inscriptionsecoles.forest.brussels\/index.php?rest_route=\/wp\/v2\/pages\/111","targetHints":{"allow":["GET"]}}],"collection":[{"href":"https:\/\/inscriptionsecoles.forest.brussels\/index.php?rest_route=\/wp\/v2\/pages"}],"about":[{"href":"https:\/\/inscriptionsecoles.forest.brussels\/index.php?rest_route=\/wp\/v2\/types\/page"}],"author":[{"embeddable":true,"href":"https:\/\/inscriptionsecoles.forest.brussels\/index.php?rest_route=\/wp\/v2\/users\/2"}],"replies":[{"embeddable":true,"href":"https:\/\/inscriptionsecoles.forest.brussels\/index.php?rest_route=%2Fwp%2Fv2%2Fcomments&post=111"}],"version-history":[{"count":11,"href":"https:\/\/inscriptionsecoles.forest.brussels\/index.php?rest_route=\/wp\/v2\/pages\/111\/revisions"}],"predecessor-version":[{"id":1278,"href":"https:\/\/inscriptionsecoles.forest.brussels\/index.php?rest_route=\/wp\/v2\/pages\/111\/revisions\/1278"}],"up":[{"embeddable":true,"href":"https:\/\/inscriptionsecoles.forest.brussels\/index.php?rest_route=\/wp\/v2\/pages\/13"}],"wp:attachment":[{"href":"https:\/\/inscriptionsecoles.forest.brussels\/index.php?rest_route=%2Fwp%2Fv2%2Fmedia&parent=111"}],"curies":[{"name":"wp","href":"https:\/\/api.w.org\/{rel}","templated":true}]}}