{"id":13,"date":"2017-06-07T16:36:30","date_gmt":"2017-06-07T14:36:30","guid":{"rendered":"http:\/\/srv-helpdesk\/wordpress\/?page_id=2"},"modified":"2025-10-15T09:46:31","modified_gmt":"2025-10-15T07:46:31","slug":"page-d-exemple","status":"publish","type":"page","link":"https:\/\/inscriptionsecoles.forest.brussels\/?page_id=13","title":{"rendered":"Nos \u00e9coles"},"content":{"rendered":"<p>La R\u00e9gion bruxelloise conna\u00eet depuis quelques ann\u00e9es un essor d\u00e9mographique important. Si nous nous r\u00e9jouissons de l\u2019augmentation du nombre d\u2019habitants, il faut reconna\u00eetre que ce ph\u00e9nom\u00e8ne exerce une pression importante sur nos \u00e9coles.<\/p>\n<p>De nombreuses communes bruxelloises ont alors d\u00e9cid\u00e9 de r\u00e9server l\u2019acc\u00e8s aux \u00e9coles communales en priorit\u00e9 \u00e0 leurs habitants. Un r\u00e8glement a donc \u00e9t\u00e9 adopt\u00e9 par le Conseil communal du 25 juin 2013 pour r\u00e9guler les inscriptions dans les \u00e9coles communales francophones de l\u2019enseignement ordinaire.<\/p>\n<p>Une brochure explicative est disponible\u00a0 sur simple demande aupr\u00e8s du service de l\u2019Instruction publique (Avenue G\u00e9n\u00e9ral Dumonceau, 56 ).<\/p>\n<p>L&rsquo;inscription dans l&rsquo;\u00e9cole implique l&rsquo;acceptation du <a href=\"https:\/\/forest.brussels\/sites\/default\/files\/Enseignement\/R%C3%A8glement ecoles communales.pdf\" target=\"_blank\" rel=\"noopener noreferrer\" data-wplink-url-error=\"true\"><strong>r\u00e8glement d\u2019ordre int\u00e9rieur <\/strong><\/a>et de ses mises \u00e0 jour ult\u00e9rieures.<br \/>Sauf pr\u00e9cisions, ce r\u00e8glement d&rsquo;ordre int\u00e9rieur s&rsquo;applique aux \u00e9l\u00e8ves, aux parents, aux membres de la communaut\u00e9 scolaire et \u00e0 toute personne se trouvant dans l&rsquo;enceinte de l&rsquo;\u00e9tablissement scolaire.<br \/>Le r\u00e8glement est d&rsquo;application pour toute activit\u00e9 organis\u00e9e dans le cadre scolaire et extrascolaire, que ce soit \u00e0 l&rsquo;\u00e9cole, aux abords de l&rsquo;\u00e9cole ou lors d&rsquo;activit\u00e9s organis\u00e9es \u00e0 l&rsquo;ext\u00e9rieur de l\u2019\u00e9cole, y compris en dehors des jours de cours.<br \/>L&rsquo;inscription dans l&rsquo;\u00e9cole implique l&rsquo;acceptation de ce r\u00e8glement et de ses mises \u00e0 jour ult\u00e9rieures.<\/p>\n\n\n<h2 class=\"wp-block-heading\">Liste des \u00e9coles communales francophones<\/h2>\n\n\n\n<ul class=\"wp-block-list\">\n<li> <a href=\"http:\/\/inscriptionsecoles.forest.brussels\/?page_id=68\">Ecole Kal\u00e9idoscope (Maternelle et Primaire)<\/a><\/li>\n\n\n\n<li> <a href=\"http:\/\/inscriptionsecoles.forest.brussels\/?page_id=80\">Ecole Les Bruy\u00e8res <\/a><\/li>\n\n\n\n<li> <a href=\"http:\/\/inscriptionsecoles.forest.brussels\/?page_id=131\">Ecole Le Vignoble<\/a><\/li>\n\n\n\n<li> <a href=\"http:\/\/inscriptionsecoles.forest.brussels\/?page_id=77\">Ecole La preuve par 9 <\/a><\/li>\n\n\n\n<li> <a href=\"http:\/\/inscriptionsecoles.forest.brussels\/?page_id=111\">Ecole Arc-en-ciel <\/a><\/li>\n\n\n\n<li> <a href=\"http:\/\/inscriptionsecoles.forest.brussels\/?page_id=129\">Ecole des Sept Bonniers<\/a> <\/li>\n\n\n\n<li> <a href=\"http:\/\/inscriptionsecoles.forest.brussels\/?page_id=674\">Ecole du Bempt <\/a><\/li>\n<\/ul>\n\n\n\n<div class=\"wp-block-group is-layout-flow wp-block-group-is-layout-flow\">\n<p class=\"has-text-align-center\"><iframe loading=\"lazy\" src=\"https:\/\/www.google.com\/maps\/d\/embed?mid=1EOBaw3jhOWolOVRFWMcVJXjrQAg&amp;ehbc=2E312F\" width=\"840\" height=\"680\"><\/iframe><\/p>\n<\/div>\n","protected":false},"excerpt":{"rendered":"<p>La R\u00e9gion bruxelloise conna\u00eet depuis quelques ann\u00e9es un essor d\u00e9mographique important. Si nous nous r\u00e9jouissons de l\u2019augmentation du nombre d\u2019habitants, [&hellip;]<\/p>\n","protected":false},"author":1,"featured_media":0,"parent":0,"menu_order":0,"comment_status":"closed","ping_status":"closed","template":"","meta":{"_uag_custom_page_level_css":"","site-sidebar-layout":"default","site-content-layout":"","ast-site-content-layout":"default","site-content-style":"default","site-sidebar-style":"default","ast-global-header-display":"","ast-banner-title-visibility":"","ast-main-header-display":"","ast-hfb-above-header-display":"","ast-hfb-below-header-display":"","ast-hfb-mobile-header-display":"","site-post-title":"","ast-breadcrumbs-content":"","ast-featured-img":"","footer-sml-layout":"","theme-transparent-header-meta":"","adv-header-id-meta":"","stick-header-meta":"","header-above-stick-meta":"","header-main-stick-meta":"","header-below-stick-meta":"","astra-migrate-meta-layouts":"default","ast-page-background-enabled":"default","ast-page-background-meta":{"desktop":{"background-color":"var(--ast-global-color-5)","background-image":"","background-repeat":"repeat","background-position":"center center","background-size":"auto","background-attachment":"scroll","background-type":"","background-media":"","overlay-type":"","overlay-color":"","overlay-opacity":"","overlay-gradient":""},"tablet":{"background-color":"","background-image":"","background-repeat":"repeat","background-position":"center center","background-size":"auto","background-attachment":"scroll","background-type":"","background-media":"","overlay-type":"","overlay-color":"","overlay-opacity":"","overlay-gradient":""},"mobile":{"background-color":"","background-image":"","background-repeat":"repeat","background-position":"center center","background-size":"auto","background-attachment":"scroll","background-type":"","background-media":"","overlay-type":"","overlay-color":"","overlay-opacity":"","overlay-gradient":""}},"ast-content-background-meta":{"desktop":{"background-color":"var(--ast-global-color-4)","background-image":"","background-repeat":"repeat","background-position":"center center","background-size":"auto","background-attachment":"scroll","background-type":"","background-media":"","overlay-type":"","overlay-color":"","overlay-opacity":"","overlay-gradient":""},"tablet":{"background-color":"var(--ast-global-color-4)","background-image":"","background-repeat":"repeat","background-position":"center center","background-size":"auto","background-attachment":"scroll","background-type":"","background-media":"","overlay-type":"","overlay-color":"","overlay-opacity":"","overlay-gradient":""},"mobile":{"background-color":"var(--ast-global-color-4)","background-image":"","background-repeat":"repeat","background-position":"center center","background-size":"auto","background-attachment":"scroll","background-type":"","background-media":"","overlay-type":"","overlay-color":"","overlay-opacity":"","overlay-gradient":""}},"footnotes":""},"class_list":["post-13","page","type-page","status-publish","hentry"],"uagb_featured_image_src":{"full":false,"thumbnail":false,"medium":false,"medium_large":false,"large":false,"thumblist":false,"meccarouselthumb":false,"gridsquare":false,"tileview":false,"1536x1536":false,"2048x2048":false},"uagb_author_info":{"display_name":"admin","author_link":"https:\/\/inscriptionsecoles.forest.brussels\/?author=1"},"uagb_comment_info":0,"uagb_excerpt":"La R\u00e9gion bruxelloise conna\u00eet depuis quelques ann\u00e9es un essor d\u00e9mographique important. Si nous nous r\u00e9jouissons de l\u2019augmentation du nombre d\u2019habitants, [&hellip;]","_links":{"self":[{"href":"https:\/\/inscriptionsecoles.forest.brussels\/index.php?rest_route=\/wp\/v2\/pages\/13","targetHints":{"allow":["GET"]}}],"collection":[{"href":"https:\/\/inscriptionsecoles.forest.brussels\/index.php?rest_route=\/wp\/v2\/pages"}],"about":[{"href":"https:\/\/inscriptionsecoles.forest.brussels\/index.php?rest_route=\/wp\/v2\/types\/page"}],"author":[{"embeddable":true,"href":"https:\/\/inscriptionsecoles.forest.brussels\/index.php?rest_route=\/wp\/v2\/users\/1"}],"replies":[{"embeddable":true,"href":"https:\/\/inscriptionsecoles.forest.brussels\/index.php?rest_route=%2Fwp%2Fv2%2Fcomments&post=13"}],"version-history":[{"count":8,"href":"https:\/\/inscriptionsecoles.forest.brussels\/index.php?rest_route=\/wp\/v2\/pages\/13\/revisions"}],"predecessor-version":[{"id":1621,"href":"https:\/\/inscriptionsecoles.forest.brussels\/index.php?rest_route=\/wp\/v2\/pages\/13\/revisions\/1621"}],"wp:attachment":[{"href":"https:\/\/inscriptionsecoles.forest.brussels\/index.php?rest_route=%2Fwp%2Fv2%2Fmedia&parent=13"}],"curies":[{"name":"wp","href":"https:\/\/api.w.org\/{rel}","templated":true}]}}