{"id":131,"date":"2017-06-16T10:29:42","date_gmt":"2017-06-16T08:29:42","guid":{"rendered":"http:\/\/srv-helpdesk\/wordpress\/?page_id=131"},"modified":"2025-11-19T13:02:07","modified_gmt":"2025-11-19T11:02:07","slug":"ecole-du-vignoble","status":"publish","type":"page","link":"https:\/\/inscriptionsecoles.forest.brussels\/?page_id=131","title":{"rendered":"Ecole du Vignoble"},"content":{"rendered":"<p><a href=\"http:\/\/inscriptionsecoles.forest.brussels\/wp-content\/uploads\/2017\/07\/EcVIG.png\"><img loading=\"lazy\" decoding=\"async\" class=\"aligncenter size-full wp-image-349\" src=\"http:\/\/inscriptionsecoles.forest.brussels\/wp-content\/uploads\/2017\/07\/EcVIG.png\" alt=\"\" width=\"800\" height=\"533\" \/><\/a><\/p>\n<table width=\"631\">\n<tbody>\n<tr>\n<td width=\"265\"><strong>ECOLE du Vignoble<\/strong>\n<p>Avenue Monte-Carlo, 91<\/p>\n<p><strong>T\u00e9l:<\/strong> 02 344 69 89<\/p>\n<p><strong>Email:<\/strong> vignoble@forest.brussels<\/p>\n<p><a href=\"http:\/\/inscriptionsecoles.forest.brussels\/wp-content\/uploads\/projet-contenu-livret-2023-verifie-janvier-ok.pdf\" target=\"_blank\" rel=\"noopener noreferrer\">Projet d&rsquo;\u00e9tablissement Vignoble<\/a><\/p>\n<p><strong>Direction<\/strong>\u00a0: C\u00e9dric NICOLAS<\/p>\n<\/td>\n<td width=\"367\">\n<p>Une \u00e9cole familiale qui insiste sur les relations humaines et le respect de chacun.<\/p>\n<p>La plus petite \u00e9cole de Forest. +-230 \u00e9l\u00e8ves<\/p>\n<p>\u00ab\u00a0P\u00e9dagogies multiples: on prend le meilleur et on s\u2019adapte aux enfants.\u00a0\u00bb<\/p>\n<p>Les cours de n\u00e9erlandais et d\u2019\u00e9veil aux langues sont donn\u00e9s par un enseignant sp\u00e9cifique \u00e0 partir de la 1\u00e8re ann\u00e9e primaire.<\/p>\n<\/td>\n<\/tr>\n<\/tbody>\n<\/table>\n<p><strong>Ecole du Vignoble<\/strong><\/p>\n<p>L&rsquo;\u00e9cole du Vignoble est situ\u00e9e \u00e0 quelques pas de la maison communale de Forest.<\/p>\n<p><span data-teams=\"true\">Le b\u00e2timent, \u00e9rig\u00e9 en 1970, a \u00e9t\u00e9 bien con\u00e7u, reste moderne et se compose de quatre niveaux<\/span>\u00a0:<\/p>\n<p>Niveau 1 : le r\u00e9fectoire et les cuisines<\/p>\n<p>Niveau 2 : la cour de r\u00e9cr\u00e9ation, la salle de gymnastique, la salle de psychomotricit\u00e9 et les bureaux administratifs<\/p>\n<p>Niveau 3 : les classes de maternelle et deux classes de primaire<\/p>\n<p>Niveau 4 : 6 classes de primaire<\/p>\n<p>Notre \u00e9tablissement accueille <span data-teams=\"true\">+-230<\/span> \u00e9l\u00e8ves r\u00e9partis en quatre cycles :<\/p>\n<ul>\n<li>cycle de 2,5 \u00e0 5 ans<\/li>\n<li>cycle de 5 \u00e0 8 ans<\/li>\n<li>cycle de 8 \u00e0 10 ans<\/li>\n<li>cycle de 10 \u00e0 12 ans<\/li>\n<\/ul>\n\n\n<figure class=\"wp-block-embed is-type-video is-provider-youtube wp-block-embed-youtube wp-embed-aspect-16-9 wp-has-aspect-ratio\"><div class=\"wp-block-embed__wrapper\">\n<div class=\"ast-oembed-container \" style=\"height: 100%;\"><iframe loading=\"lazy\" title=\"Ecole communale du Vignoble\" width=\"500\" height=\"281\" src=\"https:\/\/www.youtube.com\/embed\/pIq_3O1chPo?feature=oembed\" frameborder=\"0\" allow=\"accelerometer; autoplay; clipboard-write; encrypted-media; gyroscope; picture-in-picture; web-share\" referrerpolicy=\"strict-origin-when-cross-origin\" allowfullscreen><\/iframe><\/div>\n<\/div><\/figure>\n","protected":false},"excerpt":{"rendered":"<p>ECOLE du Vignoble Avenue Monte-Carlo, 91 T\u00e9l: 02 344 69 89 Email: vignoble@forest.brussels Projet d&rsquo;\u00e9tablissement Vignoble Direction\u00a0: C\u00e9dric NICOLAS Une [&hellip;]<\/p>\n","protected":false},"author":2,"featured_media":0,"parent":13,"menu_order":4,"comment_status":"closed","ping_status":"closed","template":"","meta":{"_uag_custom_page_level_css":"","site-sidebar-layout":"default","site-content-layout":"","ast-site-content-layout":"default","site-content-style":"default","site-sidebar-style":"default","ast-global-header-display":"","ast-banner-title-visibility":"","ast-main-header-display":"","ast-hfb-above-header-display":"","ast-hfb-below-header-display":"","ast-hfb-mobile-header-display":"","site-post-title":"","ast-breadcrumbs-content":"","ast-featured-img":"","footer-sml-layout":"","theme-transparent-header-meta":"","adv-header-id-meta":"","stick-header-meta":"","header-above-stick-meta":"","header-main-stick-meta":"","header-below-stick-meta":"","astra-migrate-meta-layouts":"default","ast-page-background-enabled":"default","ast-page-background-meta":{"desktop":{"background-color":"var(--ast-global-color-5)","background-image":"","background-repeat":"repeat","background-position":"center center","background-size":"auto","background-attachment":"scroll","background-type":"","background-media":"","overlay-type":"","overlay-color":"","overlay-opacity":"","overlay-gradient":""},"tablet":{"background-color":"","background-image":"","background-repeat":"repeat","background-position":"center center","background-size":"auto","background-attachment":"scroll","background-type":"","background-media":"","overlay-type":"","overlay-color":"","overlay-opacity":"","overlay-gradient":""},"mobile":{"background-color":"","background-image":"","background-repeat":"repeat","background-position":"center center","background-size":"auto","background-attachment":"scroll","background-type":"","background-media":"","overlay-type":"","overlay-color":"","overlay-opacity":"","overlay-gradient":""}},"ast-content-background-meta":{"desktop":{"background-color":"var(--ast-global-color-4)","background-image":"","background-repeat":"repeat","background-position":"center center","background-size":"auto","background-attachment":"scroll","background-type":"","background-media":"","overlay-type":"","overlay-color":"","overlay-opacity":"","overlay-gradient":""},"tablet":{"background-color":"var(--ast-global-color-4)","background-image":"","background-repeat":"repeat","background-position":"center center","background-size":"auto","background-attachment":"scroll","background-type":"","background-media":"","overlay-type":"","overlay-color":"","overlay-opacity":"","overlay-gradient":""},"mobile":{"background-color":"var(--ast-global-color-4)","background-image":"","background-repeat":"repeat","background-position":"center center","background-size":"auto","background-attachment":"scroll","background-type":"","background-media":"","overlay-type":"","overlay-color":"","overlay-opacity":"","overlay-gradient":""}},"footnotes":""},"class_list":["post-131","page","type-page","status-publish","hentry"],"uagb_featured_image_src":{"full":false,"thumbnail":false,"medium":false,"medium_large":false,"large":false,"thumblist":false,"meccarouselthumb":false,"gridsquare":false,"tileview":false,"1536x1536":false,"2048x2048":false},"uagb_author_info":{"display_name":"I P","author_link":"https:\/\/inscriptionsecoles.forest.brussels\/?author=2"},"uagb_comment_info":0,"uagb_excerpt":"ECOLE du Vignoble Avenue Monte-Carlo, 91 T\u00e9l: 02 344 69 89 Email: vignoble@forest.brussels Projet d&rsquo;\u00e9tablissement Vignoble Direction\u00a0: C\u00e9dric NICOLAS Une [&hellip;]","_links":{"self":[{"href":"https:\/\/inscriptionsecoles.forest.brussels\/index.php?rest_route=\/wp\/v2\/pages\/131","targetHints":{"allow":["GET"]}}],"collection":[{"href":"https:\/\/inscriptionsecoles.forest.brussels\/index.php?rest_route=\/wp\/v2\/pages"}],"about":[{"href":"https:\/\/inscriptionsecoles.forest.brussels\/index.php?rest_route=\/wp\/v2\/types\/page"}],"author":[{"embeddable":true,"href":"https:\/\/inscriptionsecoles.forest.brussels\/index.php?rest_route=\/wp\/v2\/users\/2"}],"replies":[{"embeddable":true,"href":"https:\/\/inscriptionsecoles.forest.brussels\/index.php?rest_route=%2Fwp%2Fv2%2Fcomments&post=131"}],"version-history":[{"count":11,"href":"https:\/\/inscriptionsecoles.forest.brussels\/index.php?rest_route=\/wp\/v2\/pages\/131\/revisions"}],"predecessor-version":[{"id":1629,"href":"https:\/\/inscriptionsecoles.forest.brussels\/index.php?rest_route=\/wp\/v2\/pages\/131\/revisions\/1629"}],"up":[{"embeddable":true,"href":"https:\/\/inscriptionsecoles.forest.brussels\/index.php?rest_route=\/wp\/v2\/pages\/13"}],"wp:attachment":[{"href":"https:\/\/inscriptionsecoles.forest.brussels\/index.php?rest_route=%2Fwp%2Fv2%2Fmedia&parent=131"}],"curies":[{"name":"wp","href":"https:\/\/api.w.org\/{rel}","templated":true}]}}