{"id":1354,"date":"2023-11-14T12:51:16","date_gmt":"2023-11-14T10:51:16","guid":{"rendered":"http:\/\/inscriptionsecoles.forest.brussels\/?page_id=1354"},"modified":"2024-10-29T16:35:54","modified_gmt":"2024-10-29T14:35:54","slug":"fratries","status":"publish","type":"page","link":"https:\/\/inscriptionsecoles.forest.brussels\/?page_id=1354","title":{"rendered":"Fratries"},"content":{"rendered":"\n<p>Les fratries ont la priorit\u00e9 num\u00e9ro un dans l&rsquo;ordre des priorit\u00e9s afin de faciliter le regroupement familial. Elles s&rsquo;inscrivent au mois de novembre, bien avant les inscriptions des forestois qui elle ne commence qu&rsquo;en janvier.<br> Il est indispensable de ne pas rater cette p\u00e9riode d&rsquo;inscription afin de ne pas perdre cette priorit\u00e9.<br>Pour ce faire, voici comment et o\u00f9 les inscriptions se passent:<\/p>\n\n\n\n<p>Rendez-vous sur <a href=\"https:\/\/irisbox.irisnet.be\/irisbox\/\">IRISbox <\/a>et depuis la page d&rsquo;accueil cliquez sur le bouton \u00ab\u00a0INSCRIPTIONS SCOLAIRES\u00a0\u00bb<\/p>\n\n\n\n<figure class=\"wp-block-image size-full\"><img loading=\"lazy\" decoding=\"async\" width=\"941\" height=\"781\" src=\"https:\/\/inscriptionsecoles.forest.brussels\/wp-content\/uploads\/image-5.png\" alt=\"\" class=\"wp-image-1438\" srcset=\"https:\/\/inscriptionsecoles.forest.brussels\/wp-content\/uploads\/image-5.png 941w, https:\/\/inscriptionsecoles.forest.brussels\/wp-content\/uploads\/image-5-300x249.png 300w, https:\/\/inscriptionsecoles.forest.brussels\/wp-content\/uploads\/image-5-768x637.png 768w\" sizes=\"auto, (max-width: 941px) 100vw, 941px\" \/><\/figure>\n\n\n\n<p>Choisissez la commune de Forest<\/p>\n\n\n\n<figure class=\"wp-block-image size-full\"><img loading=\"lazy\" decoding=\"async\" width=\"1000\" height=\"826\" src=\"https:\/\/inscriptionsecoles.forest.brussels\/wp-content\/uploads\/image-6.png\" alt=\"\" class=\"wp-image-1439\" srcset=\"https:\/\/inscriptionsecoles.forest.brussels\/wp-content\/uploads\/image-6.png 1000w, https:\/\/inscriptionsecoles.forest.brussels\/wp-content\/uploads\/image-6-300x248.png 300w, https:\/\/inscriptionsecoles.forest.brussels\/wp-content\/uploads\/image-6-768x634.png 768w\" sizes=\"auto, (max-width: 1000px) 100vw, 1000px\" \/><\/figure>\n\n\n\n<p>Le formulaire vous pourrez simplement le compl\u00e9ter en r\u00e9cup\u00e9rant votre composition de m\u00e9nage<\/p>\n\n\n\n<figure class=\"wp-block-image size-full\"><img loading=\"lazy\" decoding=\"async\" width=\"913\" height=\"243\" src=\"https:\/\/inscriptionsecoles.forest.brussels\/wp-content\/uploads\/image-7.png\" alt=\"\" class=\"wp-image-1440\" srcset=\"https:\/\/inscriptionsecoles.forest.brussels\/wp-content\/uploads\/image-7.png 913w, https:\/\/inscriptionsecoles.forest.brussels\/wp-content\/uploads\/image-7-300x80.png 300w, https:\/\/inscriptionsecoles.forest.brussels\/wp-content\/uploads\/image-7-768x204.png 768w\" sizes=\"auto, (max-width: 913px) 100vw, 913px\" \/><\/figure>\n\n\n\n<p>Il ne vous reste plus qu&rsquo;\u00e0 s\u00e9lectionner l&rsquo;enfant pour lequel vous souhaitez demander l&rsquo;inscription<\/p>\n\n\n\n<figure class=\"wp-block-image size-full\"><img loading=\"lazy\" decoding=\"async\" width=\"891\" height=\"203\" src=\"https:\/\/inscriptionsecoles.forest.brussels\/wp-content\/uploads\/image-8.png\" alt=\"\" class=\"wp-image-1441\" srcset=\"https:\/\/inscriptionsecoles.forest.brussels\/wp-content\/uploads\/image-8.png 891w, https:\/\/inscriptionsecoles.forest.brussels\/wp-content\/uploads\/image-8-300x68.png 300w, https:\/\/inscriptionsecoles.forest.brussels\/wp-content\/uploads\/image-8-768x175.png 768w\" sizes=\"auto, (max-width: 891px) 100vw, 891px\" \/><\/figure>\n\n\n\n<p>Puis lorsque le choix des \u00e9coles vous est propos\u00e9, de choisir la m\u00eame \u00e9cole que sa grande soeur ou son grand fr\u00e8re et de cliquer sur la case \u00ab\u00a0va rejoindre ses fr\u00e8res ou soeurs dans cette \u00e9cole\u00a0\u00bb puis d&rsquo;indiquer, comma dans le champs ci-dessous, le nom, la date de naissance et la classe de la fratrie d\u00e9j\u00e0 pr\u00e9sente dans l&rsquo;\u00e9tablissement. <\/p>\n\n\n\n<figure class=\"wp-block-image size-full\"><img loading=\"lazy\" decoding=\"async\" width=\"910\" height=\"331\" src=\"https:\/\/inscriptionsecoles.forest.brussels\/wp-content\/uploads\/image-9.png\" alt=\"\" class=\"wp-image-1442\" srcset=\"https:\/\/inscriptionsecoles.forest.brussels\/wp-content\/uploads\/image-9.png 910w, https:\/\/inscriptionsecoles.forest.brussels\/wp-content\/uploads\/image-9-300x109.png 300w, https:\/\/inscriptionsecoles.forest.brussels\/wp-content\/uploads\/image-9-768x279.png 768w\" sizes=\"auto, (max-width: 910px) 100vw, 910px\" \/><\/figure>\n\n\n\n<p>Vous n&rsquo;aurez plus qu&rsquo;\u00e0 confirmer vos coordonn\u00e9es de contact et \u00e0 valider le formulaire. <\/p>\n\n\n\n<p>Vous serez apr\u00e8s cela redirig\u00e9 vers vos demandes o\u00f9 un historique de ces derni\u00e8res est conserv\u00e9<\/p>\n\n\n\n<figure class=\"wp-block-image size-large\"><img decoding=\"async\" src=\"https:\/\/inscriptionsecoles.forest.brussels\/wp-content\/uploads\/image-4-1024x127.png\" alt=\"\" class=\"wp-image-1359\"\/><\/figure>\n\n\n\n<p>L&rsquo;\u00e9cole prendra ensuite contact avec vous afin de finaliser, au secr\u00e9tariat de l&rsquo;\u00e9cole, l&rsquo;inscription de la petite soeur ou du petit fr\u00e8re.<\/p>\n\n\n\n<p><\/p>\n","protected":false},"excerpt":{"rendered":"<p>Les fratries ont la priorit\u00e9 num\u00e9ro un dans l&rsquo;ordre des priorit\u00e9s afin de faciliter le regroupement familial. Elles s&rsquo;inscrivent au [&hellip;]<\/p>\n","protected":false},"author":2,"featured_media":0,"parent":36,"menu_order":4,"comment_status":"closed","ping_status":"closed","template":"","meta":{"_uag_custom_page_level_css":"","site-sidebar-layout":"default","site-content-layout":"","ast-site-content-layout":"default","site-content-style":"default","site-sidebar-style":"default","ast-global-header-display":"","ast-banner-title-visibility":"","ast-main-header-display":"","ast-hfb-above-header-display":"","ast-hfb-below-header-display":"","ast-hfb-mobile-header-display":"","site-post-title":"","ast-breadcrumbs-content":"","ast-featured-img":"","footer-sml-layout":"","theme-transparent-header-meta":"","adv-header-id-meta":"","stick-header-meta":"","header-above-stick-meta":"","header-main-stick-meta":"","header-below-stick-meta":"","astra-migrate-meta-layouts":"default","ast-page-background-enabled":"default","ast-page-background-meta":{"desktop":{"background-color":"var(--ast-global-color-5)","background-image":"","background-repeat":"repeat","background-position":"center center","background-size":"auto","background-attachment":"scroll","background-type":"","background-media":"","overlay-type":"","overlay-color":"","overlay-opacity":"","overlay-gradient":""},"tablet":{"background-color":"","background-image":"","background-repeat":"repeat","background-position":"center center","background-size":"auto","background-attachment":"scroll","background-type":"","background-media":"","overlay-type":"","overlay-color":"","overlay-opacity":"","overlay-gradient":""},"mobile":{"background-color":"","background-image":"","background-repeat":"repeat","background-position":"center center","background-size":"auto","background-attachment":"scroll","background-type":"","background-media":"","overlay-type":"","overlay-color":"","overlay-opacity":"","overlay-gradient":""}},"ast-content-background-meta":{"desktop":{"background-color":"var(--ast-global-color-4)","background-image":"","background-repeat":"repeat","background-position":"center center","background-size":"auto","background-attachment":"scroll","background-type":"","background-media":"","overlay-type":"","overlay-color":"","overlay-opacity":"","overlay-gradient":""},"tablet":{"background-color":"var(--ast-global-color-4)","background-image":"","background-repeat":"repeat","background-position":"center center","background-size":"auto","background-attachment":"scroll","background-type":"","background-media":"","overlay-type":"","overlay-color":"","overlay-opacity":"","overlay-gradient":""},"mobile":{"background-color":"var(--ast-global-color-4)","background-image":"","background-repeat":"repeat","background-position":"center center","background-size":"auto","background-attachment":"scroll","background-type":"","background-media":"","overlay-type":"","overlay-color":"","overlay-opacity":"","overlay-gradient":""}},"footnotes":""},"class_list":["post-1354","page","type-page","status-publish","hentry"],"uagb_featured_image_src":{"full":false,"thumbnail":false,"medium":false,"medium_large":false,"large":false,"thumblist":false,"meccarouselthumb":false,"gridsquare":false,"tileview":false,"1536x1536":false,"2048x2048":false},"uagb_author_info":{"display_name":"I P","author_link":"https:\/\/inscriptionsecoles.forest.brussels\/?author=2"},"uagb_comment_info":0,"uagb_excerpt":"Les fratries ont la priorit\u00e9 num\u00e9ro un dans l&rsquo;ordre des priorit\u00e9s afin de faciliter le regroupement familial. Elles s&rsquo;inscrivent au [&hellip;]","_links":{"self":[{"href":"https:\/\/inscriptionsecoles.forest.brussels\/index.php?rest_route=\/wp\/v2\/pages\/1354","targetHints":{"allow":["GET"]}}],"collection":[{"href":"https:\/\/inscriptionsecoles.forest.brussels\/index.php?rest_route=\/wp\/v2\/pages"}],"about":[{"href":"https:\/\/inscriptionsecoles.forest.brussels\/index.php?rest_route=\/wp\/v2\/types\/page"}],"author":[{"embeddable":true,"href":"https:\/\/inscriptionsecoles.forest.brussels\/index.php?rest_route=\/wp\/v2\/users\/2"}],"replies":[{"embeddable":true,"href":"https:\/\/inscriptionsecoles.forest.brussels\/index.php?rest_route=%2Fwp%2Fv2%2Fcomments&post=1354"}],"version-history":[{"count":2,"href":"https:\/\/inscriptionsecoles.forest.brussels\/index.php?rest_route=\/wp\/v2\/pages\/1354\/revisions"}],"predecessor-version":[{"id":1443,"href":"https:\/\/inscriptionsecoles.forest.brussels\/index.php?rest_route=\/wp\/v2\/pages\/1354\/revisions\/1443"}],"up":[{"embeddable":true,"href":"https:\/\/inscriptionsecoles.forest.brussels\/index.php?rest_route=\/wp\/v2\/pages\/36"}],"wp:attachment":[{"href":"https:\/\/inscriptionsecoles.forest.brussels\/index.php?rest_route=%2Fwp%2Fv2%2Fmedia&parent=1354"}],"curies":[{"name":"wp","href":"https:\/\/api.w.org\/{rel}","templated":true}]}}