{"id":36,"date":"2017-06-08T16:00:52","date_gmt":"2017-06-08T14:00:52","guid":{"rendered":"http:\/\/srv-helpdesk\/wordpress\/?page_id=36"},"modified":"2025-11-25T15:50:53","modified_gmt":"2025-11-25T13:50:53","slug":"methodologie","status":"publish","type":"page","link":"https:\/\/inscriptionsecoles.forest.brussels\/?page_id=36","title":{"rendered":"Inscriptions"},"content":{"rendered":"\n<div class=\"wp-block-uagb-container uagb-block-bd0t0qfk alignfull uagb-is-root-container\"><div class=\"uagb-container-inner-blocks-wrap\"><\/div><\/div>\n\n\n\n<div class=\"wp-block-uagb-container uagb-block-a7xpujjq alignfull uagb-is-root-container\"><div class=\"uagb-container-inner-blocks-wrap\">\n<div class=\"wp-block-uagb-info-box uagb-block-yv9dnpcd uagb-infobox__content-wrap  uagb-infobox-icon-above-title uagb-infobox-image-valign-top\"><div class=\"uagb-ifb-content\"><div class=\"uagb-ifb-title-wrap\"><h1 class=\"uagb-ifb-title\">INSCRIPTIONS<\/h1><\/div><\/div><\/div>\n<\/div><\/div>\n\n\n\n<div class=\"wp-block-uagb-container uagb-block-hhudeczi alignfull uagb-is-root-container\"><div class=\"uagb-container-inner-blocks-wrap\">\n<div class=\"wp-block-uagb-info-box uagb-block-paslpwz7 uagb-infobox__content-wrap  uagb-infobox-icon-above-title uagb-infobox-image-valign-top\"><div class=\"uagb-ifb-content\"><div class=\"uagb-ifb-title-wrap\"><\/div><div class=\"uagb-ifb-desc\">\n<p>Les inscriptions pour l&rsquo;\u00e9cole de votre enfant se font en ligne.<br><br>Simplifiez-vous la vie en effectuant votre demande depuis chez vous. Visitez nos \u00e9coles pour d\u00e9couvrir nos projets p\u00e9dagogiques et nos locaux. <br>Un formulaire intuitif vous guidera \u00e9tape par \u00e9tape. Si vous n&rsquo;avez pas d&rsquo;ordinateur \u00e0 domicile, des espaces num\u00e9riques sont \u00e0 votre disposition dans notre commune pour effectuer votre inscription.<br><br>Vous pourrez \u00e9galement, pendant tout le mois de d\u00e9cembre, tester le formulaire d&rsquo;inscription \u00e0 blanc afin de vous familiariser avec celui-ci.<br><br>N\u2019oubliez pas que, pour introduire une demande d\u2019inscription, il vous faut imp\u00e9rativement avoir acc\u00e8s \u00e0 un ordinateur avec un lecteur de carte d\u2019identit\u00e9. Vous devez \u00e9galement connaitre le code PIN de votre carte. <br>Si vous n\u2019avez pas acc\u00e8s \u00e0 un ordinateur vous pouvez vous rendre \u00e0 l\u2019espace publique num\u00e9rique (EPN) situ\u00e9 \u00e0 la Rue de M\u00e9rode 333 o\u00f9 des ordinateurs sont \u00e0 votre disposition.<\/p>\n<\/div><\/div><\/div>\n\n\n\n<div class=\"wp-block-uagb-container uagb-layout-grid uagb-block-jhkt896s\">\n<div class=\"wp-block-uagb-container uagb-block-q7e8qxl8\">\n<div class=\"wp-block-uagb-image alignleft uagb-block-df7qytnf wp-block-uagb-image--layout-default wp-block-uagb-image--effect-static wp-block-uagb-image--align-left\"><figure class=\"wp-block-uagb-image__figure\"><img decoding=\"async\" srcset=\"https:\/\/websitedemos.net\/wp-content\/uploads\/2023\/10\/natures-01-1024x683.jpg ,https:\/\/websitedemos.net\/wp-content\/uploads\/2023\/10\/natures-01-1024x683.jpg 780w\" sizes=\"auto, (max-width: 480px) 150px\" src=\"https:\/\/websitedemos.net\/wp-content\/uploads\/2023\/10\/natures-01-1024x683.jpg\" alt=\"\" class=\"uag-image-80573\" width=\"352\" height=\"260\" title=\"\" loading=\"lazy\" role=\"img\"\/><\/figure><\/div>\n\n\n\n<div class=\"wp-block-uagb-info-box uagb-block-zfjdc820 uagb-infobox__content-wrap  uagb-infobox-icon-above-title uagb-infobox-image-valign-top\"><div class=\"uagb-ifb-content\"><div class=\"uagb-ifb-title-wrap\"><h3 class=\"uagb-ifb-title\">Comment s&rsquo;inscrire <\/h3><\/div><p class=\"uagb-ifb-desc\">4 niveaux de priorit\u00e9s sont ici expliqu\u00e9s.<\/p><\/div><\/div>\n\n\n\n<div class=\"wp-block-uagb-buttons uagb-buttons__outer-wrap uagb-btn__default-btn uagb-btn-tablet__default-btn uagb-btn-mobile__default-btn uagb-block-qb67mkjz\"><div class=\"uagb-buttons__wrap uagb-buttons-layout-wrap \">\n<div class=\"wp-block-uagb-buttons-child uagb-buttons__outer-wrap uagb-block-atmavj7j wp-block-button\"><div class=\"uagb-button__wrapper\"><a class=\"uagb-buttons-repeater wp-block-button__link\" aria-label=\"\" href=\"https:\/\/inscriptionsecoles.forest.brussels\/?page_id=990\" rel=\"follow noopener\" target=\"_self\" role=\"button\"><div class=\"uagb-button__link\">En savoir plus<\/div><\/a><\/div><\/div>\n<\/div><\/div>\n<\/div>\n\n\n\n<div class=\"wp-block-uagb-container uagb-block-lpcdwyct\">\n<div class=\"wp-block-uagb-image alignleft uagb-block-uontbokm wp-block-uagb-image--layout-default wp-block-uagb-image--effect-static wp-block-uagb-image--align-left\"><figure class=\"wp-block-uagb-image__figure\"><img decoding=\"async\" srcset=\"https:\/\/websitedemos.net\/wp-content\/uploads\/2023\/10\/desserts-01-1024x683.jpg ,https:\/\/websitedemos.net\/wp-content\/uploads\/2023\/10\/desserts-01-1024x683.jpg 780w\" sizes=\"auto, (max-width: 480px) 150px\" src=\"https:\/\/websitedemos.net\/wp-content\/uploads\/2023\/10\/desserts-01-1024x683.jpg\" alt=\"\" class=\"uag-image-80569\" width=\"352\" height=\"260\" title=\"\" loading=\"lazy\" role=\"img\"\/><\/figure><\/div>\n\n\n\n<div class=\"wp-block-uagb-info-box uagb-block-umqcgpca uagb-infobox__content-wrap  uagb-infobox-icon-above-title uagb-infobox-image-valign-top\"><div class=\"uagb-ifb-content\"><div class=\"uagb-ifb-title-wrap\"><h3 class=\"uagb-ifb-title\">Apr\u00e8s l&rsquo;inscription<\/h3><\/div><p class=\"uagb-ifb-desc\">Comment faire? O\u00f9 le faire? <\/p><\/div><\/div>\n\n\n\n<div class=\"wp-block-uagb-buttons uagb-buttons__outer-wrap uagb-btn__default-btn uagb-btn-tablet__default-btn uagb-btn-mobile__default-btn uagb-block-tr1iqvbe\"><div class=\"uagb-buttons__wrap uagb-buttons-layout-wrap \">\n<div class=\"wp-block-uagb-buttons-child uagb-buttons__outer-wrap uagb-block-n6rehjxs wp-block-button\"><div class=\"uagb-button__wrapper\"><a class=\"uagb-buttons-repeater wp-block-button__link\" aria-label=\"\" href=\"https:\/\/inscriptionsecoles.forest.brussels\/?page_id=1017\" rel=\"follow noopener\" target=\"_self\" role=\"button\"><div class=\"uagb-button__link\">En savoir plus<\/div><\/a><\/div><\/div>\n<\/div><\/div>\n<\/div>\n\n\n\n<div class=\"wp-block-uagb-container uagb-block-hhs7onx7\">\n<div class=\"wp-block-uagb-image alignleft uagb-block-7bwgjd7c wp-block-uagb-image--layout-default wp-block-uagb-image--effect-static wp-block-uagb-image--align-left\"><figure class=\"wp-block-uagb-image__figure\"><img decoding=\"async\" srcset=\"https:\/\/websitedemos.net\/wp-content\/uploads\/2023\/10\/snow-mountains-01-1024x683.jpg ,https:\/\/websitedemos.net\/wp-content\/uploads\/2023\/10\/snow-mountains-01-1024x683.jpg 780w\" sizes=\"auto, (max-width: 480px) 150px\" src=\"https:\/\/websitedemos.net\/wp-content\/uploads\/2023\/10\/snow-mountains-01-1024x683.jpg\" alt=\"\" class=\"uag-image-80577\" width=\"352\" height=\"260\" title=\"\" loading=\"lazy\" role=\"img\"\/><\/figure><\/div>\n\n\n\n<div class=\"wp-block-uagb-info-box uagb-block-v2thystu uagb-infobox__content-wrap  uagb-infobox-icon-above-title uagb-infobox-image-valign-top\"><div class=\"uagb-ifb-content\"><div class=\"uagb-ifb-title-wrap\"><h3 class=\"uagb-ifb-title\">Dates cl\u00e9<\/h3><\/div><p class=\"uagb-ifb-desc\">Pour tenir son agenda \u00e0 jour.<\/p><\/div><\/div>\n\n\n\n<div class=\"wp-block-uagb-buttons uagb-buttons__outer-wrap uagb-btn__default-btn uagb-btn-tablet__default-btn uagb-btn-mobile__default-btn uagb-block-x4gpi90z\"><div class=\"uagb-buttons__wrap uagb-buttons-layout-wrap \">\n<div class=\"wp-block-uagb-buttons-child uagb-buttons__outer-wrap uagb-block-nvwmj4vo wp-block-button\"><div class=\"uagb-button__wrapper\"><a class=\"uagb-buttons-repeater wp-block-button__link\" aria-label=\"\" href=\"https:\/\/inscriptionsecoles.forest.brussels\/?page_id=1004\" rel=\"follow noopener\" target=\"_self\" role=\"button\"><div class=\"uagb-button__link\">En savoir plus<\/div><\/a><\/div><\/div>\n<\/div><\/div>\n<\/div>\n\n\n\n<div class=\"wp-block-uagb-container uagb-block-owbhuogj\">\n<div class=\"wp-block-uagb-image alignleft uagb-block-1dnefl6l wp-block-uagb-image--layout-default wp-block-uagb-image--effect-static wp-block-uagb-image--align-left\"><figure class=\"wp-block-uagb-image__figure\"><img decoding=\"async\" srcset=\"https:\/\/inscriptionsecoles.forest.brussels\/wp-content\/uploads\/rivers-02.jpg ,https:\/\/inscriptionsecoles.forest.brussels\/wp-content\/uploads\/rivers-02.jpg 780w, https:\/\/inscriptionsecoles.forest.brussels\/wp-content\/uploads\/rivers-02.jpg 360w\" sizes=\"auto, (max-width: 480px) 150px\" src=\"https:\/\/inscriptionsecoles.forest.brussels\/wp-content\/uploads\/rivers-02.jpg\" alt=\"\" class=\"uag-image-80576\" width=\"352\" height=\"260\" title=\"\" loading=\"lazy\" role=\"img\"\/><\/figure><\/div>\n\n\n\n<div class=\"wp-block-uagb-info-box uagb-block-epctswqd uagb-infobox__content-wrap  uagb-infobox-icon-above-title uagb-infobox-image-valign-top\"><div class=\"uagb-ifb-content\"><div class=\"uagb-ifb-title-wrap\"><h3 class=\"uagb-ifb-title\">Ann\u00e9e de naissance<\/h3><\/div><p class=\"uagb-ifb-desc\">Il est n\u00e9 en 2019, dans quelle ann\u00e9e il doit aller?<\/p><\/div><\/div>\n\n\n\n<div class=\"wp-block-uagb-buttons uagb-buttons__outer-wrap uagb-btn__default-btn uagb-btn-tablet__default-btn uagb-btn-mobile__default-btn uagb-block-kbzxpzzg\"><div class=\"uagb-buttons__wrap uagb-buttons-layout-wrap \">\n<div class=\"wp-block-uagb-buttons-child uagb-buttons__outer-wrap uagb-block-j7p8pp2z wp-block-button\"><div class=\"uagb-button__wrapper\"><a class=\"uagb-buttons-repeater wp-block-button__link\" aria-label=\"\" href=\"https:\/\/inscriptionsecoles.forest.brussels\/?page_id=1456\" rel=\"follow noopener\" target=\"_self\" role=\"button\"><div class=\"uagb-button__link\">En savoir plus<\/div><\/a><\/div><\/div>\n<\/div><\/div>\n<\/div>\n\n\n\n<div class=\"wp-block-uagb-container uagb-block-9rd946uq\">\n<div class=\"wp-block-uagb-image alignleft uagb-block-pym0hxvl wp-block-uagb-image--layout-default wp-block-uagb-image--effect-static wp-block-uagb-image--align-left\"><figure class=\"wp-block-uagb-image__figure\"><img decoding=\"async\" srcset=\"https:\/\/inscriptionsecoles.forest.brussels\/wp-content\/uploads\/trees-rivers-02.jpg ,https:\/\/inscriptionsecoles.forest.brussels\/wp-content\/uploads\/trees-rivers-02.jpg 780w, https:\/\/inscriptionsecoles.forest.brussels\/wp-content\/uploads\/trees-rivers-02.jpg 360w\" sizes=\"auto, (max-width: 480px) 150px\" src=\"https:\/\/inscriptionsecoles.forest.brussels\/wp-content\/uploads\/trees-rivers-02.jpg\" alt=\"\" class=\"uag-image-80698\" width=\"352\" height=\"260\" title=\"\" loading=\"lazy\" role=\"img\"\/><\/figure><\/div>\n\n\n\n<div class=\"wp-block-uagb-info-box uagb-block-llukaher uagb-infobox__content-wrap  uagb-infobox-icon-above-title uagb-infobox-image-valign-top\"><div class=\"uagb-ifb-content\"><div class=\"uagb-ifb-title-wrap\"><h3 class=\"uagb-ifb-title\">Fratries<\/h3><\/div><p class=\"uagb-ifb-desc\">Comment inscrire sa petite soeur?<\/p><\/div><\/div>\n\n\n\n<div class=\"wp-block-uagb-buttons uagb-buttons__outer-wrap uagb-btn__default-btn uagb-btn-tablet__default-btn uagb-btn-mobile__default-btn uagb-block-yeixfbwc\"><div class=\"uagb-buttons__wrap uagb-buttons-layout-wrap \">\n<div class=\"wp-block-uagb-buttons-child uagb-buttons__outer-wrap uagb-block-79evwgup wp-block-button\"><div class=\"uagb-button__wrapper\"><a class=\"uagb-buttons-repeater wp-block-button__link\" aria-label=\"\" href=\"https:\/\/inscriptionsecoles.forest.brussels\/?page_id=1354\" rel=\"follow noopener\" target=\"_self\" role=\"button\"><div class=\"uagb-button__link\">En savoir plus<\/div><\/a><\/div><\/div>\n<\/div><\/div>\n<\/div>\n\n\n\n<div class=\"wp-block-uagb-container uagb-block-dltrjgdv\">\n<div class=\"wp-block-uagb-image alignleft uagb-block-ycfhzfvs wp-block-uagb-image--layout-default wp-block-uagb-image--effect-static wp-block-uagb-image--align-left\"><figure class=\"wp-block-uagb-image__figure\"><img decoding=\"async\" srcset=\"https:\/\/inscriptionsecoles.forest.brussels\/wp-content\/uploads\/desserts-02.jpg ,https:\/\/inscriptionsecoles.forest.brussels\/wp-content\/uploads\/desserts-02.jpg 780w, https:\/\/inscriptionsecoles.forest.brussels\/wp-content\/uploads\/desserts-02.jpg 360w\" sizes=\"auto, (max-width: 480px) 150px\" src=\"https:\/\/inscriptionsecoles.forest.brussels\/wp-content\/uploads\/desserts-02.jpg\" alt=\"\" class=\"uag-image-80570\" width=\"352\" height=\"260\" title=\"\" loading=\"lazy\" role=\"img\"\/><\/figure><\/div>\n\n\n\n<div class=\"wp-block-uagb-info-box uagb-block-170n6kdv uagb-infobox__content-wrap  uagb-infobox-icon-above-title uagb-infobox-image-valign-top\"><div class=\"uagb-ifb-content\"><div class=\"uagb-ifb-title-wrap\"><h3 class=\"uagb-ifb-title\">Espace publique num\u00e9rique<\/h3><\/div><p class=\"uagb-ifb-desc\">Pas \u00e0 l&rsquo;aise avec un ordinateur? <\/p><\/div><\/div>\n\n\n\n<div class=\"wp-block-uagb-buttons uagb-buttons__outer-wrap uagb-btn__default-btn uagb-btn-tablet__default-btn uagb-btn-mobile__default-btn uagb-block-xno1vatg\"><div class=\"uagb-buttons__wrap uagb-buttons-layout-wrap \">\n<div class=\"wp-block-uagb-buttons-child uagb-buttons__outer-wrap uagb-block-h5s6cpya wp-block-button\"><div class=\"uagb-button__wrapper\"><a class=\"uagb-buttons-repeater wp-block-button__link\" aria-label=\"\" href=\"https:\/\/forest.brussels\/fr\/themes\/culture-sports-cohesion-sociale\/espace-public-numerique-epn\/lespace-public-numerique-epn\" rel=\"follow noopener\" target=\"_blank\" role=\"button\"><div class=\"uagb-button__link\">En savoir plus<\/div><\/a><\/div><\/div>\n<\/div><\/div>\n<\/div>\n<\/div>\n<\/div><\/div>\n\n\n\n<div class=\"wp-block-uagb-container uagb-block-pvfp1zc6 alignfull uagb-is-root-container\"><div class=\"uagb-container-inner-blocks-wrap\">\n<div class=\"wp-block-uagb-container uagb-block-rzw2rvxa\">\n<div class=\"wp-block-uagb-info-box uagb-block-jdmm8ka2 uagb-infobox__content-wrap  uagb-infobox-icon-above-title uagb-infobox-image-valign-top\"><div class=\"uagb-ifb-content\"><div class=\"uagb-ifb-title-wrap\"><h2 class=\"uagb-ifb-title\">En r\u00e9sum\u00e9 :<\/h2><\/div><\/div><\/div>\n\n\n\n<div class=\"wp-block-uagb-info-box uagb-block-yc7jytoj uagb-infobox__content-wrap  uagb-infobox-icon-above-title uagb-infobox-image-valign-top\"><div class=\"uagb-ifb-content\"><div class=\"uagb-ifb-title-wrap\"><\/div><p class=\"uagb-ifb-desc\">Suivez ces trois \u00e9tapes-cl\u00e9 pour maximiser vos chances<\/p><\/div><\/div>\n<\/div>\n\n\n\n<div class=\"wp-block-uagb-container uagb-block-vhg5pdbr\">\n<div class=\"wp-block-uagb-info-box uagb-block-wqti2ihd uagb-infobox__content-wrap  uagb-infobox-icon-above-title uagb-infobox-image-valign-top\"><div class=\"uagb-ifb-content\"><div class=\"uagb-ifb-title-wrap\"><p class=\"uagb-ifb-title-prefix\">01<\/p><h3 class=\"uagb-ifb-title\">Se renseigner<\/h3><\/div><p class=\"uagb-ifb-desc\">Les s\u00e9ances d&rsquo;information donnent l&rsquo;ensemble des informations n\u00e9cessaires pour tout comprendre et je rien manquer.<\/p><\/div><\/div>\n\n\n\n<div class=\"wp-block-uagb-info-box uagb-block-gavog3ui uagb-infobox__content-wrap  uagb-infobox-icon-above-title uagb-infobox-image-valign-top\"><div class=\"uagb-ifb-content\"><div class=\"uagb-ifb-title-wrap\"><p class=\"uagb-ifb-title-prefix\">02<\/p><h3 class=\"uagb-ifb-title\">Visiter<\/h3><\/div><p class=\"uagb-ifb-desc\">Les \u00e9coles vous accueillent pendant une visite guid\u00e9e ainsi qu&rsquo;une s\u00e9ance de questions\/r\u00e9ponses au sein de l&rsquo;\u00e9tablissement.<\/p><\/div><\/div>\n\n\n\n<div class=\"wp-block-uagb-info-box uagb-block-mqnjms1e uagb-infobox__content-wrap  uagb-infobox-icon-above-title uagb-infobox-image-valign-top\"><div class=\"uagb-ifb-content\"><div class=\"uagb-ifb-title-wrap\"><p class=\"uagb-ifb-title-prefix\">03<\/p><h3 class=\"uagb-ifb-title\">Tester<\/h3><\/div><p class=\"uagb-ifb-desc\">Pendant tout le mois de d\u00e9cembre, un formulaire en tout point identique sera disponible pour vous permettre de le tester \u00e0 blanc.<\/p><\/div><\/div>\n<\/div>\n<\/div><\/div>\n\n\n\n<div class=\"wp-block-uagb-container uagb-block-pu3cjyqw alignfull uagb-is-root-container\"><div class=\"uagb-container-inner-blocks-wrap\">\n<div class=\"wp-block-uagb-info-box uagb-block-lb4gnety uagb-infobox__content-wrap  uagb-infobox-icon-above-title uagb-infobox-image-valign-top\"><div class=\"uagb-ifb-content\"><div class=\"uagb-ifb-title-wrap\"><p class=\"uagb-ifb-title-prefix\">Encore une question?<\/p><h2 class=\"uagb-ifb-title\">Contactez-nous<\/h2><\/div><\/div><\/div>\n\n\n\n<div class=\"wp-block-uagb-buttons uagb-buttons__outer-wrap uagb-btn__default-btn uagb-btn-tablet__default-btn uagb-btn-mobile__default-btn uagb-block-edwkkmly\"><div class=\"uagb-buttons__wrap uagb-buttons-layout-wrap \">\n<div class=\"wp-block-uagb-buttons-child uagb-buttons__outer-wrap uagb-block-sdinrfuu wp-block-button\"><div class=\"uagb-button__wrapper\"><a class=\"uagb-buttons-repeater wp-block-button__link\" aria-label=\"\" href=\"https:\/\/inscriptionsecoles.forest.brussels\/?page_id=44\" rel=\"follow noopener\" target=\"_self\" role=\"button\"><div class=\"uagb-button__link\">Cliquez ici<\/div><\/a><\/div><\/div>\n<\/div><\/div>\n<\/div><\/div>\n\n\n\n<p><\/p>\n","protected":false},"excerpt":{"rendered":"","protected":false},"author":2,"featured_media":0,"parent":0,"menu_order":0,"comment_status":"closed","ping_status":"closed","template":"","meta":{"_uag_custom_page_level_css":"","site-sidebar-layout":"default","site-content-layout":"","ast-site-content-layout":"default","site-content-style":"default","site-sidebar-style":"default","ast-global-header-display":"","ast-banner-title-visibility":"","ast-main-header-display":"","ast-hfb-above-header-display":"","ast-hfb-below-header-display":"","ast-hfb-mobile-header-display":"","site-post-title":"disabled","ast-breadcrumbs-content":"","ast-featured-img":"","footer-sml-layout":"","theme-transparent-header-meta":"","adv-header-id-meta":"","stick-header-meta":"","header-above-stick-meta":"","header-main-stick-meta":"","header-below-stick-meta":"","astra-migrate-meta-layouts":"default","ast-page-background-enabled":"default","ast-page-background-meta":{"desktop":{"background-color":"var(--ast-global-color-5)","background-image":"","background-repeat":"repeat","background-position":"center center","background-size":"auto","background-attachment":"scroll","background-type":"","background-media":"","overlay-type":"","overlay-color":"","overlay-opacity":"","overlay-gradient":""},"tablet":{"background-color":"","background-image":"","background-repeat":"repeat","background-position":"center center","background-size":"auto","background-attachment":"scroll","background-type":"","background-media":"","overlay-type":"","overlay-color":"","overlay-opacity":"","overlay-gradient":""},"mobile":{"background-color":"","background-image":"","background-repeat":"repeat","background-position":"center center","background-size":"auto","background-attachment":"scroll","background-type":"","background-media":"","overlay-type":"","overlay-color":"","overlay-opacity":"","overlay-gradient":""}},"ast-content-background-meta":{"desktop":{"background-color":"var(--ast-global-color-4)","background-image":"","background-repeat":"repeat","background-position":"center center","background-size":"auto","background-attachment":"scroll","background-type":"","background-media":"","overlay-type":"","overlay-color":"","overlay-opacity":"","overlay-gradient":""},"tablet":{"background-color":"var(--ast-global-color-4)","background-image":"","background-repeat":"repeat","background-position":"center center","background-size":"auto","background-attachment":"scroll","background-type":"","background-media":"","overlay-type":"","overlay-color":"","overlay-opacity":"","overlay-gradient":""},"mobile":{"background-color":"var(--ast-global-color-4)","background-image":"","background-repeat":"repeat","background-position":"center center","background-size":"auto","background-attachment":"scroll","background-type":"","background-media":"","overlay-type":"","overlay-color":"","overlay-opacity":"","overlay-gradient":""}},"footnotes":""},"class_list":["post-36","page","type-page","status-publish","hentry"],"uagb_featured_image_src":{"full":false,"thumbnail":false,"medium":false,"medium_large":false,"large":false,"thumblist":false,"meccarouselthumb":false,"gridsquare":false,"tileview":false,"1536x1536":false,"2048x2048":false},"uagb_author_info":{"display_name":"I P","author_link":"https:\/\/inscriptionsecoles.forest.brussels\/?author=2"},"uagb_comment_info":0,"uagb_excerpt":null,"_links":{"self":[{"href":"https:\/\/inscriptionsecoles.forest.brussels\/index.php?rest_route=\/wp\/v2\/pages\/36","targetHints":{"allow":["GET"]}}],"collection":[{"href":"https:\/\/inscriptionsecoles.forest.brussels\/index.php?rest_route=\/wp\/v2\/pages"}],"about":[{"href":"https:\/\/inscriptionsecoles.forest.brussels\/index.php?rest_route=\/wp\/v2\/types\/page"}],"author":[{"embeddable":true,"href":"https:\/\/inscriptionsecoles.forest.brussels\/index.php?rest_route=\/wp\/v2\/users\/2"}],"replies":[{"embeddable":true,"href":"https:\/\/inscriptionsecoles.forest.brussels\/index.php?rest_route=%2Fwp%2Fv2%2Fcomments&post=36"}],"version-history":[{"count":49,"href":"https:\/\/inscriptionsecoles.forest.brussels\/index.php?rest_route=\/wp\/v2\/pages\/36\/revisions"}],"predecessor-version":[{"id":1635,"href":"https:\/\/inscriptionsecoles.forest.brussels\/index.php?rest_route=\/wp\/v2\/pages\/36\/revisions\/1635"}],"wp:attachment":[{"href":"https:\/\/inscriptionsecoles.forest.brussels\/index.php?rest_route=%2Fwp%2Fv2%2Fmedia&parent=36"}],"curies":[{"name":"wp","href":"https:\/\/api.w.org\/{rel}","templated":true}]}}