{"id":674,"date":"2018-12-31T17:09:02","date_gmt":"2018-12-31T15:09:02","guid":{"rendered":"http:\/\/inscriptionsecoles.forest.brussels\/?page_id=674"},"modified":"2024-09-13T09:39:15","modified_gmt":"2024-09-13T07:39:15","slug":"ecole-du-bempt","status":"publish","type":"page","link":"https:\/\/inscriptionsecoles.forest.brussels\/?page_id=674","title":{"rendered":"Ecole du Bempt"},"content":{"rendered":"\n<figure class=\"wp-block-image size-large is-resized\"><img loading=\"lazy\" decoding=\"async\" src=\"http:\/\/inscriptionsecoles.forest.brussels\/wp-content\/uploads\/09_Bempt-1024x576.jpg\" alt=\"\" class=\"wp-image-1292\" width=\"768\" height=\"432\" srcset=\"https:\/\/inscriptionsecoles.forest.brussels\/wp-content\/uploads\/09_Bempt-1024x576.jpg 1024w, https:\/\/inscriptionsecoles.forest.brussels\/wp-content\/uploads\/09_Bempt-300x169.jpg 300w, https:\/\/inscriptionsecoles.forest.brussels\/wp-content\/uploads\/09_Bempt-768x432.jpg 768w, https:\/\/inscriptionsecoles.forest.brussels\/wp-content\/uploads\/09_Bempt-1536x864.jpg 1536w, https:\/\/inscriptionsecoles.forest.brussels\/wp-content\/uploads\/09_Bempt.jpg 1920w\" sizes=\"auto, (max-width: 768px) 100vw, 768px\" \/><\/figure>\n\n\n<table width=\"631\">\n<tbody>\n<tr>\n<td width=\"265\"><strong>ECOLE du Bempt<\/strong><p><\/p>\n<p>Chauss\u00e9e de Neerstalle, 273<\/p>\n<p><strong>T\u00e9l:&nbsp;<\/strong>02 370 26 95<\/p>\n<p><strong>email:<\/strong> ecolebempt@forest.brussels<\/p>\n<p><strong>Direction<\/strong>&nbsp;: Sophie CHARLEZ<\/p>\n<\/td>\n<td width=\"367\">\n<p>+\/- 385 \u00e9l\u00e8ves<\/p>\n<p>Initialement annexe de l&rsquo;\u00e9cole Arc-en-ciel, l&rsquo;\u00e9cole du Bempt est devenue autonome en septembre 2018.<\/p>\n<p>Ecole \u00e0 p\u00e9dagogie&nbsp; alternative, classes verticales et titulariat assoupli.<\/p>\n<p><a href=\"http:\/\/inscriptionsecoles.forest.brussels\/wp-content\/uploads\/PE-Bempt-3.pdf\" target=\"_blank\" rel=\"noopener noreferrer\">Projet d&rsquo;\u00e9tablissement <\/a><\/p>\n<\/td>\n<\/tr>\n<\/tbody>\n<\/table>\n\n\n<p class=\"has-drop-cap\">Situ\u00e9e dans le parc du Bempt de Forest  dans un cadre verdoyant et agr\u00e9able, l\u2019\u00e9cole accueille des enfants de tous horizons.  <\/p>\n\n\n\n<p>L\u2019enseignement est ax\u00e9 sur une p\u00e9dagogie alternative, une\nautre mani\u00e8re d&rsquo;apprendre dans laquelle l&rsquo;enfant est plus actif, plus\nparticipatif aux apprentissages.&nbsp; Il est \u00e9galement structur\u00e9 en cycles ce\nqui facilite une continuit\u00e9 au sein duquel chaque \u00e9l\u00e8ve peut progresser \u00e0 son\nrythme. <\/p>\n\n\n\n<p>L\u2019\u00e9cole a l\u2019opportunit\u00e9 d\u2019avoir un espace vert comme encadrement.&nbsp;Un compost et un espace \u00ab&nbsp;potager&nbsp;\u00bb sont am\u00e9nag\u00e9s pour permettre aux \u00e9l\u00e8ves d\u2019apprendre \u00e0 semer, cultiver et r\u00e9colter. &nbsp;<\/p>\n\n\n\n<figure class=\"wp-block-embed-youtube wp-block-embed is-type-video is-provider-youtube wp-embed-aspect-16-9 wp-has-aspect-ratio\"><div class=\"wp-block-embed__wrapper\">\n<div class=\"ast-oembed-container \" style=\"height: 100%;\"><iframe loading=\"lazy\" title=\"Ecole communale du Bempt\" width=\"500\" height=\"281\" src=\"https:\/\/www.youtube.com\/embed\/EOfy5XNSkLU?feature=oembed\" frameborder=\"0\" allow=\"accelerometer; autoplay; clipboard-write; encrypted-media; gyroscope; picture-in-picture; web-share\" referrerpolicy=\"strict-origin-when-cross-origin\" allowfullscreen><\/iframe><\/div>\n<\/div><\/figure>\n","protected":false},"excerpt":{"rendered":"<p>ECOLE du Bempt Chauss\u00e9e de Neerstalle, 273 T\u00e9l:&nbsp;02 370 26 95 email: ecolebempt@forest.brussels Direction&nbsp;: Sophie CHARLEZ +\/- 385 \u00e9l\u00e8ves Initialement [&hellip;]<\/p>\n","protected":false},"author":2,"featured_media":0,"parent":13,"menu_order":7,"comment_status":"closed","ping_status":"closed","template":"","meta":{"_uag_custom_page_level_css":"","site-sidebar-layout":"default","site-content-layout":"","ast-site-content-layout":"default","site-content-style":"default","site-sidebar-style":"default","ast-global-header-display":"","ast-banner-title-visibility":"","ast-main-header-display":"","ast-hfb-above-header-display":"","ast-hfb-below-header-display":"","ast-hfb-mobile-header-display":"","site-post-title":"","ast-breadcrumbs-content":"","ast-featured-img":"","footer-sml-layout":"","theme-transparent-header-meta":"","adv-header-id-meta":"","stick-header-meta":"","header-above-stick-meta":"","header-main-stick-meta":"","header-below-stick-meta":"","astra-migrate-meta-layouts":"default","ast-page-background-enabled":"default","ast-page-background-meta":{"desktop":{"background-color":"var(--ast-global-color-5)","background-image":"","background-repeat":"repeat","background-position":"center center","background-size":"auto","background-attachment":"scroll","background-type":"","background-media":"","overlay-type":"","overlay-color":"","overlay-opacity":"","overlay-gradient":""},"tablet":{"background-color":"","background-image":"","background-repeat":"repeat","background-position":"center center","background-size":"auto","background-attachment":"scroll","background-type":"","background-media":"","overlay-type":"","overlay-color":"","overlay-opacity":"","overlay-gradient":""},"mobile":{"background-color":"","background-image":"","background-repeat":"repeat","background-position":"center center","background-size":"auto","background-attachment":"scroll","background-type":"","background-media":"","overlay-type":"","overlay-color":"","overlay-opacity":"","overlay-gradient":""}},"ast-content-background-meta":{"desktop":{"background-color":"var(--ast-global-color-4)","background-image":"","background-repeat":"repeat","background-position":"center center","background-size":"auto","background-attachment":"scroll","background-type":"","background-media":"","overlay-type":"","overlay-color":"","overlay-opacity":"","overlay-gradient":""},"tablet":{"background-color":"var(--ast-global-color-4)","background-image":"","background-repeat":"repeat","background-position":"center center","background-size":"auto","background-attachment":"scroll","background-type":"","background-media":"","overlay-type":"","overlay-color":"","overlay-opacity":"","overlay-gradient":""},"mobile":{"background-color":"var(--ast-global-color-4)","background-image":"","background-repeat":"repeat","background-position":"center center","background-size":"auto","background-attachment":"scroll","background-type":"","background-media":"","overlay-type":"","overlay-color":"","overlay-opacity":"","overlay-gradient":""}},"footnotes":""},"class_list":["post-674","page","type-page","status-publish","hentry"],"uagb_featured_image_src":{"full":false,"thumbnail":false,"medium":false,"medium_large":false,"large":false,"thumblist":false,"meccarouselthumb":false,"gridsquare":false,"tileview":false,"1536x1536":false,"2048x2048":false},"uagb_author_info":{"display_name":"I P","author_link":"https:\/\/inscriptionsecoles.forest.brussels\/?author=2"},"uagb_comment_info":0,"uagb_excerpt":"ECOLE du Bempt Chauss\u00e9e de Neerstalle, 273 T\u00e9l:&nbsp;02 370 26 95 email: ecolebempt@forest.brussels Direction&nbsp;: Sophie CHARLEZ +\/- 385 \u00e9l\u00e8ves Initialement [&hellip;]","_links":{"self":[{"href":"https:\/\/inscriptionsecoles.forest.brussels\/index.php?rest_route=\/wp\/v2\/pages\/674","targetHints":{"allow":["GET"]}}],"collection":[{"href":"https:\/\/inscriptionsecoles.forest.brussels\/index.php?rest_route=\/wp\/v2\/pages"}],"about":[{"href":"https:\/\/inscriptionsecoles.forest.brussels\/index.php?rest_route=\/wp\/v2\/types\/page"}],"author":[{"embeddable":true,"href":"https:\/\/inscriptionsecoles.forest.brussels\/index.php?rest_route=\/wp\/v2\/users\/2"}],"replies":[{"embeddable":true,"href":"https:\/\/inscriptionsecoles.forest.brussels\/index.php?rest_route=%2Fwp%2Fv2%2Fcomments&post=674"}],"version-history":[{"count":17,"href":"https:\/\/inscriptionsecoles.forest.brussels\/index.php?rest_route=\/wp\/v2\/pages\/674\/revisions"}],"predecessor-version":[{"id":1395,"href":"https:\/\/inscriptionsecoles.forest.brussels\/index.php?rest_route=\/wp\/v2\/pages\/674\/revisions\/1395"}],"up":[{"embeddable":true,"href":"https:\/\/inscriptionsecoles.forest.brussels\/index.php?rest_route=\/wp\/v2\/pages\/13"}],"wp:attachment":[{"href":"https:\/\/inscriptionsecoles.forest.brussels\/index.php?rest_route=%2Fwp%2Fv2%2Fmedia&parent=674"}],"curies":[{"name":"wp","href":"https:\/\/api.w.org\/{rel}","templated":true}]}}