{"id":68,"date":"2017-06-15T11:42:33","date_gmt":"2017-06-15T09:42:33","guid":{"rendered":"http:\/\/srv-helpdesk\/wordpress\/?page_id=68"},"modified":"2025-11-03T16:13:17","modified_gmt":"2025-11-03T14:13:17","slug":"kaleidoscope","status":"publish","type":"page","link":"https:\/\/inscriptionsecoles.forest.brussels\/?page_id=68","title":{"rendered":"Ecole Kal\u00e9idoscope (Maternelle et Primaire)"},"content":{"rendered":"<p><img loading=\"lazy\" decoding=\"async\" class=\"aligncenter size-large wp-image-1291\" src=\"http:\/\/inscriptionsecoles.forest.brussels\/wp-content\/uploads\/08_Kaleidoscope-1024x576.jpg\" alt=\"\" width=\"1024\" height=\"576\" srcset=\"https:\/\/inscriptionsecoles.forest.brussels\/wp-content\/uploads\/08_Kaleidoscope-1024x576.jpg 1024w, https:\/\/inscriptionsecoles.forest.brussels\/wp-content\/uploads\/08_Kaleidoscope-300x169.jpg 300w, https:\/\/inscriptionsecoles.forest.brussels\/wp-content\/uploads\/08_Kaleidoscope-768x432.jpg 768w, https:\/\/inscriptionsecoles.forest.brussels\/wp-content\/uploads\/08_Kaleidoscope-1536x864.jpg 1536w, https:\/\/inscriptionsecoles.forest.brussels\/wp-content\/uploads\/08_Kaleidoscope.jpg 1920w\" sizes=\"auto, (max-width: 1024px) 100vw, 1024px\" \/><\/p>\n<table style=\"height: 533px;\" width=\"591\">\n<tbody>\n<tr>\n<td width=\"265\"><strong>ECOLE Kal\u00e9idoscope<\/strong>\n<p>Rue Timmermans, 53\/55<\/p>\n<p><strong>T\u00e9l Maternelle:\u00a0<\/strong> 02 344 47 55<\/p>\n<p><strong>T\u00e9l Primaire:<\/strong> 02 343 48 64<\/p>\n<p><strong>Email:<\/strong><\/p>\n<p>kaleidoscope.mat@forest.brussels<\/p>\n<p>kaleidoscope.prim@forest.brussels<\/p>\n<p><a href=\"http:\/\/inscriptionsecoles.forest.brussels\/wp-content\/uploads\/projet-\u00e9tablissement-Ecole-Kal\u00e9\u00efdoscope.pdf\">Projet d\u2019\u00e9tablissement<\/a><\/p>\n<p><strong>Directions<\/strong> : Odile BOURGEOIS &#8211; Jessica FIGEYS<\/p>\n<\/td>\n<td width=\"367\">+\/- 450 \u00e9l\u00e8ves\n<p>P\u00e9dagogie diversifi\u00e9e au service de l\u2019enfant.<\/p>\n<p>La section maternelle est compos\u00e9e d\u2019une classe d\u2019accueil, de 2 classes de M1, 2 classes de M2 et 3 classes de M3 (actuellement).<\/p>\n<p>La section primaire compte 12 classes : 2classes par ann\u00e9e. Le n\u00e9erlandais est donn\u00e9 par un enseignant sp\u00e9cifique \u00e0 partir de la 3\u00e8me ann\u00e9e.<\/p>\n<\/td>\n<\/tr>\n<\/tbody>\n<\/table>\n<p>L\u2019\u00e9cole Kal\u00e9idoscope se situe au carrefour de quartiers tr\u00e8s diff\u00e9rents les uns des autres. De part et d\u2019autre de la Chauss\u00e9e d\u2019Alsemberg, le tissu social et urbain varie fortement et est tr\u00e8s diversifi\u00e9.<\/p>\n<p>L\u2019\u00c9cole Kal\u00e9idoscope est une \u00e9cole de proximit\u00e9 ; elle accueille des enfants habitant le quartier et ceux des communes limitrophes.<br \/>Elle peut accueillir environ deux cents enfants en section maternelle\u00a0et un maximum de trois cents en section primaire.<\/p>\n<p>L\u2019occupation du b\u00e2timent scolaire tient compte dans la mesure du possible de l\u2019\u00e2ge des enfants et de leurs besoins. L\u2019\u00e9cole se compose de locaux spacieux, de quatre cours de r\u00e9cr\u00e9ation, d\u2019un gymnase, d\u2019une salle de psychomotricit\u00e9, de deux biblioth\u00e8ques, d\u2019un local de sieste, de deux r\u00e9fectoires et de huit points sanitaires.<\/p>\n\n\n<figure class=\"wp-block-embed aligncenter is-type-video is-provider-youtube wp-block-embed-youtube wp-embed-aspect-16-9 wp-has-aspect-ratio\"><div class=\"wp-block-embed__wrapper\">\n<div class=\"ast-oembed-container \" style=\"height: 100%;\"><iframe loading=\"lazy\" title=\"Ecole communale Kaleidoscope\" width=\"500\" height=\"281\" src=\"https:\/\/www.youtube.com\/embed\/Z1MCmsfdzWY?feature=oembed\" frameborder=\"0\" allow=\"accelerometer; autoplay; clipboard-write; encrypted-media; gyroscope; picture-in-picture; web-share\" referrerpolicy=\"strict-origin-when-cross-origin\" allowfullscreen><\/iframe><\/div>\n<\/div><\/figure>\n","protected":false},"excerpt":{"rendered":"<p>ECOLE Kal\u00e9idoscope Rue Timmermans, 53\/55 T\u00e9l Maternelle:\u00a0 02 344 47 55 T\u00e9l Primaire: 02 343 48 64 Email: kaleidoscope.mat@forest.brussels kaleidoscope.prim@forest.brussels [&hellip;]<\/p>\n","protected":false},"author":2,"featured_media":0,"parent":13,"menu_order":1,"comment_status":"closed","ping_status":"closed","template":"","meta":{"_uag_custom_page_level_css":"","site-sidebar-layout":"default","site-content-layout":"","ast-site-content-layout":"default","site-content-style":"default","site-sidebar-style":"default","ast-global-header-display":"","ast-banner-title-visibility":"","ast-main-header-display":"","ast-hfb-above-header-display":"","ast-hfb-below-header-display":"","ast-hfb-mobile-header-display":"","site-post-title":"","ast-breadcrumbs-content":"","ast-featured-img":"","footer-sml-layout":"","theme-transparent-header-meta":"","adv-header-id-meta":"","stick-header-meta":"","header-above-stick-meta":"","header-main-stick-meta":"","header-below-stick-meta":"","astra-migrate-meta-layouts":"default","ast-page-background-enabled":"default","ast-page-background-meta":{"desktop":{"background-color":"var(--ast-global-color-5)","background-image":"","background-repeat":"repeat","background-position":"center center","background-size":"auto","background-attachment":"scroll","background-type":"","background-media":"","overlay-type":"","overlay-color":"","overlay-opacity":"","overlay-gradient":""},"tablet":{"background-color":"","background-image":"","background-repeat":"repeat","background-position":"center center","background-size":"auto","background-attachment":"scroll","background-type":"","background-media":"","overlay-type":"","overlay-color":"","overlay-opacity":"","overlay-gradient":""},"mobile":{"background-color":"","background-image":"","background-repeat":"repeat","background-position":"center center","background-size":"auto","background-attachment":"scroll","background-type":"","background-media":"","overlay-type":"","overlay-color":"","overlay-opacity":"","overlay-gradient":""}},"ast-content-background-meta":{"desktop":{"background-color":"var(--ast-global-color-4)","background-image":"","background-repeat":"repeat","background-position":"center center","background-size":"auto","background-attachment":"scroll","background-type":"","background-media":"","overlay-type":"","overlay-color":"","overlay-opacity":"","overlay-gradient":""},"tablet":{"background-color":"var(--ast-global-color-4)","background-image":"","background-repeat":"repeat","background-position":"center center","background-size":"auto","background-attachment":"scroll","background-type":"","background-media":"","overlay-type":"","overlay-color":"","overlay-opacity":"","overlay-gradient":""},"mobile":{"background-color":"var(--ast-global-color-4)","background-image":"","background-repeat":"repeat","background-position":"center center","background-size":"auto","background-attachment":"scroll","background-type":"","background-media":"","overlay-type":"","overlay-color":"","overlay-opacity":"","overlay-gradient":""}},"footnotes":""},"class_list":["post-68","page","type-page","status-publish","hentry"],"uagb_featured_image_src":{"full":false,"thumbnail":false,"medium":false,"medium_large":false,"large":false,"thumblist":false,"meccarouselthumb":false,"gridsquare":false,"tileview":false,"1536x1536":false,"2048x2048":false},"uagb_author_info":{"display_name":"I P","author_link":"https:\/\/inscriptionsecoles.forest.brussels\/?author=2"},"uagb_comment_info":0,"uagb_excerpt":"ECOLE Kal\u00e9idoscope Rue Timmermans, 53\/55 T\u00e9l Maternelle:\u00a0 02 344 47 55 T\u00e9l Primaire: 02 343 48 64 Email: kaleidoscope.mat@forest.brussels kaleidoscope.prim@forest.brussels [&hellip;]","_links":{"self":[{"href":"https:\/\/inscriptionsecoles.forest.brussels\/index.php?rest_route=\/wp\/v2\/pages\/68","targetHints":{"allow":["GET"]}}],"collection":[{"href":"https:\/\/inscriptionsecoles.forest.brussels\/index.php?rest_route=\/wp\/v2\/pages"}],"about":[{"href":"https:\/\/inscriptionsecoles.forest.brussels\/index.php?rest_route=\/wp\/v2\/types\/page"}],"author":[{"embeddable":true,"href":"https:\/\/inscriptionsecoles.forest.brussels\/index.php?rest_route=\/wp\/v2\/users\/2"}],"replies":[{"embeddable":true,"href":"https:\/\/inscriptionsecoles.forest.brussels\/index.php?rest_route=%2Fwp%2Fv2%2Fcomments&post=68"}],"version-history":[{"count":21,"href":"https:\/\/inscriptionsecoles.forest.brussels\/index.php?rest_route=\/wp\/v2\/pages\/68\/revisions"}],"predecessor-version":[{"id":1623,"href":"https:\/\/inscriptionsecoles.forest.brussels\/index.php?rest_route=\/wp\/v2\/pages\/68\/revisions\/1623"}],"up":[{"embeddable":true,"href":"https:\/\/inscriptionsecoles.forest.brussels\/index.php?rest_route=\/wp\/v2\/pages\/13"}],"wp:attachment":[{"href":"https:\/\/inscriptionsecoles.forest.brussels\/index.php?rest_route=%2Fwp%2Fv2%2Fmedia&parent=68"}],"curies":[{"name":"wp","href":"https:\/\/api.w.org\/{rel}","templated":true}]}}