{"id":77,"date":"2017-06-15T12:39:47","date_gmt":"2017-06-15T10:39:47","guid":{"rendered":"http:\/\/srv-helpdesk\/wordpress\/?page_id=77"},"modified":"2023-09-26T15:24:42","modified_gmt":"2023-09-26T13:24:42","slug":"ecole-9","status":"publish","type":"page","link":"https:\/\/inscriptionsecoles.forest.brussels\/?page_id=77","title":{"rendered":"La Preuve par 9"},"content":{"rendered":"\n<div class=\"wp-block-image\"><figure class=\"aligncenter size-large\"><img loading=\"lazy\" decoding=\"async\" width=\"800\" height=\"500\" src=\"http:\/\/inscriptionsecoles.forest.brussels\/wp-content\/uploads\/2017\/07\/Ec9-800x500.png\" alt=\"\" class=\"wp-image-300\" srcset=\"https:\/\/inscriptionsecoles.forest.brussels\/wp-content\/uploads\/2017\/07\/Ec9-800x500.png 800w, https:\/\/inscriptionsecoles.forest.brussels\/wp-content\/uploads\/2017\/07\/Ec9-800x500-300x188.png 300w\" sizes=\"auto, (max-width: 800px) 100vw, 800px\" \/><\/figure><\/div>\n\n\n<p><\/p>\n<table width=\"631\">\n<tbody>\n<tr>\n<td width=\"265\"><strong>La preuve par 9<\/strong><p><\/p>\n<p>Rue du Montenegro, 159<\/p>\n<p><strong>T\u00e9l<\/strong> <strong>:<\/strong> 02 538 38 58<\/p>\n<p><strong>Email:<\/strong> lapreuvepar9@forest.brussels<\/p>\n<p><strong>&nbsp;<a href=\"http:\/\/www.forest.irisnet.be\/fr\/services-communaux\/education-et-enfance\/ecoles-maternelles-et-primaires\/ecoles-communales\/fichiers\/ecole-9-pe-projet-detablissement-2017.pdf\" target=\"_blank\" rel=\"noopener noreferrer\">Projet d&rsquo;\u00e9tablissement<\/a><\/strong><\/p>\n<p><strong>Direction<\/strong>&nbsp;: Ariane VIGNOBLE<\/p>\n<\/td>\n<td width=\"367\">+\/- 475 \u00e9l\u00e8ves<p><\/p>\n<p>Ecole traditionnelle \u00e0 population multiculturelle.<\/p>\n<p>Le n\u00e9erlandais est donn\u00e9 par un enseignant sp\u00e9cifique \u00e0 partir de la 3\u00e8me ann\u00e9e.<\/p>\n<p>Cours de rem\u00e9diation, logop\u00e8des.<\/p>\n<\/td>\n<\/tr>\n<\/tbody>\n<\/table>\n<p><strong>La preuve par 9<\/strong><\/p>\n<p>Une \u00e9cole fondamentale en pleine expansion qui compte environ 500 \u00e9l\u00e8ves de tous horizons.<\/p>\n<p>Une \u00e9cole qui consid\u00e8re comme atout la mutliculturalit\u00e9 en apportant une aide sp\u00e9cifique aux enfants.<\/p>\n<p>Une \u00e9cole favorisant une ouverture sur l\u2019ext\u00e9rieur qui permet de donner du sens aux apprentissages.<\/p>\n<p>Une \u00e9cole qui veille attentivement \u00e0 la ma\u00eetrise du fran\u00e7ais comme tremplin pour tous les apprentissages.<\/p>\n<p>Une \u00e9cole qui permet aux enfants un \u00e9panouissement intellectuel, affectif, physique et relationnel.<\/p>\n<p><strong><u>Miser sur une citoyennet\u00e9 responsable<\/u><\/strong><\/p>\n<p>Pr\u00e9parer tous les enfants \u00e0 \u00eatre des citoyens responsables, capables de contribuer au d\u00e9veloppement d\u2019une soci\u00e9t\u00e9 d\u00e9mocratique, solidaire, pluraliste et ouverte aux autres.<\/p>\n<p>L\u2019Ecole communale ou provinciale proche du citoyen est d\u00e9mocratique.<\/p>\n<p>G\u00e9r\u00e9e par des responsables \u00e9lus, elle s\u2019efforce de r\u00e9pondre aux aspirations et aux besoins de la collectivit\u00e9 locale en mati\u00e8re d\u2019\u00e9ducation.<\/p>\n<p>Elle encourage le jeune \u00e0 participer \u00e0 la construction d\u2019une soci\u00e9t\u00e9 d\u00e9mocratique et l\u2019am\u00e8ne \u00e0 s\u2019exercer \u00e0 la citoyennet\u00e9 responsable en cr\u00e9ant des lieux et des temps de parole o\u00f9 chacun a le droit de s\u2019exprimer et d\u2019\u00eatre \u00e9cout\u00e9.<\/p>\n<p>Elle est par excellence le point de rencontre, le milieu social, le lieu o\u00f9 l\u2019on \u00e9tudie, o\u00f9 l\u2019on joue ensemble, o\u00f9 l\u2019on partage la vie de tous les autres enfants.<\/p>\n<p>Respectueuse de toutes les conceptions philosophiques et id\u00e9ologiques, elle est une \u00e9cole de &nbsp;tol\u00e9rance refusant tout endoctrinement ou neutralisme pris dans le sens de non engagement et de passivit\u00e9&nbsp;; elle s\u2019enrichit de l\u2019\u00e9change et de la confrontation d\u2019id\u00e9es et de convictions diff\u00e9rentes.<\/p>\n\n\n<figure class=\"wp-block-embed-youtube wp-block-embed is-type-video is-provider-youtube wp-embed-aspect-16-9 wp-has-aspect-ratio\"><div class=\"wp-block-embed__wrapper\">\n<div class=\"ast-oembed-container \" style=\"height: 100%;\"><iframe loading=\"lazy\" title=\"Ecole communale La preuve par 9\" width=\"500\" height=\"281\" src=\"https:\/\/www.youtube.com\/embed\/q0M3HLIU3Ig?feature=oembed\" frameborder=\"0\" allow=\"accelerometer; autoplay; clipboard-write; encrypted-media; gyroscope; picture-in-picture; web-share\" referrerpolicy=\"strict-origin-when-cross-origin\" allowfullscreen><\/iframe><\/div>\n<\/div><\/figure>\n","protected":false},"excerpt":{"rendered":"<p>La preuve par 9 Rue du Montenegro, 159 T\u00e9l : 02 538 38 58 Email: lapreuvepar9@forest.brussels &nbsp;Projet d&rsquo;\u00e9tablissement Direction&nbsp;: Ariane [&hellip;]<\/p>\n","protected":false},"author":2,"featured_media":0,"parent":13,"menu_order":3,"comment_status":"closed","ping_status":"closed","template":"","meta":{"_uag_custom_page_level_css":"","site-sidebar-layout":"default","site-content-layout":"","ast-site-content-layout":"default","site-content-style":"default","site-sidebar-style":"default","ast-global-header-display":"","ast-banner-title-visibility":"","ast-main-header-display":"","ast-hfb-above-header-display":"","ast-hfb-below-header-display":"","ast-hfb-mobile-header-display":"","site-post-title":"","ast-breadcrumbs-content":"","ast-featured-img":"","footer-sml-layout":"","theme-transparent-header-meta":"","adv-header-id-meta":"","stick-header-meta":"","header-above-stick-meta":"","header-main-stick-meta":"","header-below-stick-meta":"","astra-migrate-meta-layouts":"default","ast-page-background-enabled":"default","ast-page-background-meta":{"desktop":{"background-color":"var(--ast-global-color-5)","background-image":"","background-repeat":"repeat","background-position":"center center","background-size":"auto","background-attachment":"scroll","background-type":"","background-media":"","overlay-type":"","overlay-color":"","overlay-opacity":"","overlay-gradient":""},"tablet":{"background-color":"","background-image":"","background-repeat":"repeat","background-position":"center center","background-size":"auto","background-attachment":"scroll","background-type":"","background-media":"","overlay-type":"","overlay-color":"","overlay-opacity":"","overlay-gradient":""},"mobile":{"background-color":"","background-image":"","background-repeat":"repeat","background-position":"center center","background-size":"auto","background-attachment":"scroll","background-type":"","background-media":"","overlay-type":"","overlay-color":"","overlay-opacity":"","overlay-gradient":""}},"ast-content-background-meta":{"desktop":{"background-color":"var(--ast-global-color-4)","background-image":"","background-repeat":"repeat","background-position":"center center","background-size":"auto","background-attachment":"scroll","background-type":"","background-media":"","overlay-type":"","overlay-color":"","overlay-opacity":"","overlay-gradient":""},"tablet":{"background-color":"var(--ast-global-color-4)","background-image":"","background-repeat":"repeat","background-position":"center center","background-size":"auto","background-attachment":"scroll","background-type":"","background-media":"","overlay-type":"","overlay-color":"","overlay-opacity":"","overlay-gradient":""},"mobile":{"background-color":"var(--ast-global-color-4)","background-image":"","background-repeat":"repeat","background-position":"center center","background-size":"auto","background-attachment":"scroll","background-type":"","background-media":"","overlay-type":"","overlay-color":"","overlay-opacity":"","overlay-gradient":""}},"footnotes":""},"class_list":["post-77","page","type-page","status-publish","hentry"],"uagb_featured_image_src":{"full":false,"thumbnail":false,"medium":false,"medium_large":false,"large":false,"thumblist":false,"meccarouselthumb":false,"gridsquare":false,"tileview":false,"1536x1536":false,"2048x2048":false},"uagb_author_info":{"display_name":"I P","author_link":"https:\/\/inscriptionsecoles.forest.brussels\/?author=2"},"uagb_comment_info":0,"uagb_excerpt":"La preuve par 9 Rue du Montenegro, 159 T\u00e9l : 02 538 38 58 Email: lapreuvepar9@forest.brussels &nbsp;Projet d&rsquo;\u00e9tablissement Direction&nbsp;: Ariane [&hellip;]","_links":{"self":[{"href":"https:\/\/inscriptionsecoles.forest.brussels\/index.php?rest_route=\/wp\/v2\/pages\/77","targetHints":{"allow":["GET"]}}],"collection":[{"href":"https:\/\/inscriptionsecoles.forest.brussels\/index.php?rest_route=\/wp\/v2\/pages"}],"about":[{"href":"https:\/\/inscriptionsecoles.forest.brussels\/index.php?rest_route=\/wp\/v2\/types\/page"}],"author":[{"embeddable":true,"href":"https:\/\/inscriptionsecoles.forest.brussels\/index.php?rest_route=\/wp\/v2\/users\/2"}],"replies":[{"embeddable":true,"href":"https:\/\/inscriptionsecoles.forest.brussels\/index.php?rest_route=%2Fwp%2Fv2%2Fcomments&post=77"}],"version-history":[{"count":7,"href":"https:\/\/inscriptionsecoles.forest.brussels\/index.php?rest_route=\/wp\/v2\/pages\/77\/revisions"}],"predecessor-version":[{"id":1315,"href":"https:\/\/inscriptionsecoles.forest.brussels\/index.php?rest_route=\/wp\/v2\/pages\/77\/revisions\/1315"}],"up":[{"embeddable":true,"href":"https:\/\/inscriptionsecoles.forest.brussels\/index.php?rest_route=\/wp\/v2\/pages\/13"}],"wp:attachment":[{"href":"https:\/\/inscriptionsecoles.forest.brussels\/index.php?rest_route=%2Fwp%2Fv2%2Fmedia&parent=77"}],"curies":[{"name":"wp","href":"https:\/\/api.w.org\/{rel}","templated":true}]}}