{"id":990,"date":"2019-10-10T11:47:36","date_gmt":"2019-10-10T09:47:36","guid":{"rendered":"http:\/\/inscriptionsecoles.forest.brussels\/?page_id=990"},"modified":"2024-10-08T14:47:14","modified_gmt":"2024-10-08T12:47:14","slug":"moyens-dinscription","status":"publish","type":"page","link":"https:\/\/inscriptionsecoles.forest.brussels\/?page_id=990","title":{"rendered":"Moyens d&rsquo;inscription"},"content":{"rendered":"\n<figure class=\"wp-block-image aligncenter size-large\"><a href=\"https:\/\/irisbox.irisnet.be\/irisbox\/\"><img loading=\"lazy\" decoding=\"async\" width=\"252\" height=\"118\" src=\"http:\/\/inscriptionsecoles.forest.brussels\/wp-content\/uploads\/2017\/07\/IRISbox_Logo_CMYK_130604_OK.png\" alt=\"\" class=\"wp-image-459\"\/><\/a><\/figure>\n\n\n\n<p><\/p>\n\n\n\n<h2 class=\"wp-block-heading\">\u00ab\u00a0<strong>Inscrivez votre enfant en ligne et gagnez du temps !<\/strong><\/h2>\n\n\n\n<p>Pour inscrire votre enfant dans l&rsquo;une de nos \u00e9coles, rien de plus simple : connectez-vous \u00e0 la plateforme IRISbox un peu avant 9h00 et connectez-vous.<\/p>\n\n\n\n<p><strong>Vous n&rsquo;avez pas d&rsquo;ordinateur ?<\/strong> Pas de souci ! Des espaces num\u00e9riques (EPN) sont \u00e0 votre disposition gratuitement \u00e0 la Maison des Citoyens, rue de M\u00e9rode 333, pour vous aider \u00e0 effectuer votre inscription.<\/p>\n\n\n\n<p><strong>Comment se connecter \u00e0 IRISbox ?<\/strong><\/p>\n\n\n\n<ul class=\"wp-block-list\">\n<li><strong>Avec votre lecteur de carte d&rsquo;identit\u00e9 :<\/strong> Le moyen le plus s\u00e9curis\u00e9.<\/li>\n\n\n\n<li><strong>Avec votre token, Itsme ou Google Authenticator :<\/strong> Des solutions rapides et pratiques.<\/li>\n<\/ul>\n\n\n\n<p><strong>Pr\u00e9parez vos informations :<\/strong><\/p>\n\n\n\n<ul class=\"wp-block-list\">\n<li>Vous \u00eates le repr\u00e9sentant l\u00e9gal de l&rsquo;enfant\n<ul class=\"wp-block-list\">\n<li>Alors IRISbox iran automatiquement chercher la composition de m\u00e9nage<\/li>\n<\/ul>\n<\/li>\n\n\n\n<li>Vous n&rsquo;\u00eates pas le repr\u00e9sentant l\u00e9gal (grand-parents, amis, assistant(e) social(e)\n<ul class=\"wp-block-list\">\n<li>Munissez-vous des information pertinentes\n<ul class=\"wp-block-list\">\n<li>Nom et pr\u00e9nom de l&rsquo;enfant et du repr\u00e9sentant l\u00e9gal<\/li>\n\n\n\n<li>Num\u00e9ro de registre national <\/li>\n\n\n\n<li>Adresse &#8230;<\/li>\n<\/ul>\n<\/li>\n<\/ul>\n<\/li>\n<\/ul>\n\n\n\n<p><strong>Pour plus d&rsquo;informations, consultez notre site internet ou contactez le service inscriptions au 02\/348 17 76.<\/strong><\/p>\n","protected":false},"excerpt":{"rendered":"<p>\u00ab\u00a0Inscrivez votre enfant en ligne et gagnez du temps ! Pour inscrire votre enfant dans l&rsquo;une de nos \u00e9coles, rien [&hellip;]<\/p>\n","protected":false},"author":2,"featured_media":0,"parent":36,"menu_order":0,"comment_status":"closed","ping_status":"closed","template":"","meta":{"_uag_custom_page_level_css":"","site-sidebar-layout":"default","site-content-layout":"","ast-site-content-layout":"default","site-content-style":"default","site-sidebar-style":"default","ast-global-header-display":"","ast-banner-title-visibility":"","ast-main-header-display":"","ast-hfb-above-header-display":"","ast-hfb-below-header-display":"","ast-hfb-mobile-header-display":"","site-post-title":"","ast-breadcrumbs-content":"","ast-featured-img":"","footer-sml-layout":"","theme-transparent-header-meta":"","adv-header-id-meta":"","stick-header-meta":"","header-above-stick-meta":"","header-main-stick-meta":"","header-below-stick-meta":"","astra-migrate-meta-layouts":"default","ast-page-background-enabled":"default","ast-page-background-meta":{"desktop":{"background-color":"var(--ast-global-color-5)","background-image":"","background-repeat":"repeat","background-position":"center center","background-size":"auto","background-attachment":"scroll","background-type":"","background-media":"","overlay-type":"","overlay-color":"","overlay-opacity":"","overlay-gradient":""},"tablet":{"background-color":"","background-image":"","background-repeat":"repeat","background-position":"center center","background-size":"auto","background-attachment":"scroll","background-type":"","background-media":"","overlay-type":"","overlay-color":"","overlay-opacity":"","overlay-gradient":""},"mobile":{"background-color":"","background-image":"","background-repeat":"repeat","background-position":"center center","background-size":"auto","background-attachment":"scroll","background-type":"","background-media":"","overlay-type":"","overlay-color":"","overlay-opacity":"","overlay-gradient":""}},"ast-content-background-meta":{"desktop":{"background-color":"var(--ast-global-color-4)","background-image":"","background-repeat":"repeat","background-position":"center center","background-size":"auto","background-attachment":"scroll","background-type":"","background-media":"","overlay-type":"","overlay-color":"","overlay-opacity":"","overlay-gradient":""},"tablet":{"background-color":"var(--ast-global-color-4)","background-image":"","background-repeat":"repeat","background-position":"center center","background-size":"auto","background-attachment":"scroll","background-type":"","background-media":"","overlay-type":"","overlay-color":"","overlay-opacity":"","overlay-gradient":""},"mobile":{"background-color":"var(--ast-global-color-4)","background-image":"","background-repeat":"repeat","background-position":"center center","background-size":"auto","background-attachment":"scroll","background-type":"","background-media":"","overlay-type":"","overlay-color":"","overlay-opacity":"","overlay-gradient":""}},"footnotes":""},"class_list":["post-990","page","type-page","status-publish","hentry"],"uagb_featured_image_src":{"full":false,"thumbnail":false,"medium":false,"medium_large":false,"large":false,"thumblist":false,"meccarouselthumb":false,"gridsquare":false,"tileview":false,"1536x1536":false,"2048x2048":false},"uagb_author_info":{"display_name":"I P","author_link":"https:\/\/inscriptionsecoles.forest.brussels\/?author=2"},"uagb_comment_info":0,"uagb_excerpt":"\u00ab\u00a0Inscrivez votre enfant en ligne et gagnez du temps ! Pour inscrire votre enfant dans l&rsquo;une de nos \u00e9coles, rien [&hellip;]","_links":{"self":[{"href":"https:\/\/inscriptionsecoles.forest.brussels\/index.php?rest_route=\/wp\/v2\/pages\/990","targetHints":{"allow":["GET"]}}],"collection":[{"href":"https:\/\/inscriptionsecoles.forest.brussels\/index.php?rest_route=\/wp\/v2\/pages"}],"about":[{"href":"https:\/\/inscriptionsecoles.forest.brussels\/index.php?rest_route=\/wp\/v2\/types\/page"}],"author":[{"embeddable":true,"href":"https:\/\/inscriptionsecoles.forest.brussels\/index.php?rest_route=\/wp\/v2\/users\/2"}],"replies":[{"embeddable":true,"href":"https:\/\/inscriptionsecoles.forest.brussels\/index.php?rest_route=%2Fwp%2Fv2%2Fcomments&post=990"}],"version-history":[{"count":14,"href":"https:\/\/inscriptionsecoles.forest.brussels\/index.php?rest_route=\/wp\/v2\/pages\/990\/revisions"}],"predecessor-version":[{"id":1425,"href":"https:\/\/inscriptionsecoles.forest.brussels\/index.php?rest_route=\/wp\/v2\/pages\/990\/revisions\/1425"}],"up":[{"embeddable":true,"href":"https:\/\/inscriptionsecoles.forest.brussels\/index.php?rest_route=\/wp\/v2\/pages\/36"}],"wp:attachment":[{"href":"https:\/\/inscriptionsecoles.forest.brussels\/index.php?rest_route=%2Fwp%2Fv2%2Fmedia&parent=990"}],"curies":[{"name":"wp","href":"https:\/\/api.w.org\/{rel}","templated":true}]}}